{"id":15379,"date":"2023-01-16T23:41:49","date_gmt":"2023-01-16T23:41:49","guid":{"rendered":"https:\/\/www.chemdryalgarve.com\/?page_id=15379"},"modified":"2023-03-06T18:23:29","modified_gmt":"2023-03-06T18:23:29","slug":"selante","status":"publish","type":"page","link":"https:\/\/www.staging.chemdryalgarve.com\/pt\/tratamento-de-pavimentos\/selante\/","title":{"rendered":"Selante"},"content":{"rendered":"\t\t<div data-elementor-type=\"wp-page\" data-elementor-id=\"15379\" class=\"elementor elementor-15379\">\r\n\t\t\t\t\t\t\t\t\t<section class=\"elementor-section elementor-top-section elementor-element elementor-element-745c376 elementor-section-full_width qodef-elementor-content-grid qodef-extended-grid qodef-extended-grid--right qodef-disable-extended-1024--yes elementor-section-height-default elementor-section-height-default\" data-id=\"745c376\" data-element_type=\"section\">\r\n\t\t\t\t\t\t<div class=\"elementor-container elementor-column-gap-no\">\r\n\t\t\t\t\t<div class=\"elementor-column elementor-col-50 elementor-top-column elementor-element elementor-element-4ccdc0b\" data-id=\"4ccdc0b\" data-element_type=\"column\">\r\n\t\t\t<div class=\"elementor-widget-wrap elementor-element-populated\">\r\n\t\t\t\t\t\t\t\t<div class=\"elementor-element elementor-element-d24d80e elementor-widget-mobile__width-inherit elementor-widget__width-initial elementor-widget-tablet__width-initial elementor-widget elementor-widget-allsmiles_core_section_title\" data-id=\"d24d80e\" data-element_type=\"widget\" data-widget_type=\"allsmiles_core_section_title.default\">\r\n\t\t\t\t<div class=\"elementor-widget-container\">\r\n\t\t\t<div class=\"qodef-shortcode qodef-m  qodef-section-title qodef-alignment--left \">\n\t\t<h5 class=\"qodef-m-subtitle\" style=\"margin-bottom: 20px\">\n\t\tTratamento de Pavimentos.\t<\/h5>\n\t\t<h1 class=\"qodef-m-title\" >\n\t\t\t\t\tSelante\t\t\t<\/h1>\n\t<\/div>\n\t\t<\/div>\r\n\t\t\t\t<\/div>\r\n\t\t\t\t<div class=\"elementor-element elementor-element-20e774c custom_bullets elementor-widget__width-initial elementor-widget-tablet__width-initial elementor-widget-mobile__width-inherit elementor-widget elementor-widget-text-editor\" data-id=\"20e774c\" data-element_type=\"widget\" data-widget_type=\"text-editor.default\">\r\n\t\t\t\t<div class=\"elementor-widget-container\">\r\n\t\t\t<style>\/*! elementor - v3.10.2 - 29-01-2023 *\/\r\n.elementor-widget-text-editor.elementor-drop-cap-view-stacked .elementor-drop-cap{background-color:#818a91;color:#fff}.elementor-widget-text-editor.elementor-drop-cap-view-framed .elementor-drop-cap{color:#818a91;border:3px solid;background-color:transparent}.elementor-widget-text-editor:not(.elementor-drop-cap-view-default) .elementor-drop-cap{margin-top:8px}.elementor-widget-text-editor:not(.elementor-drop-cap-view-default) .elementor-drop-cap-letter{width:1em;height:1em}.elementor-widget-text-editor .elementor-drop-cap{float:left;text-align:center;line-height:1;font-size:50px}.elementor-widget-text-editor .elementor-drop-cap-letter{display:inline-block}<\/style>\t\t\t\t<p>Hidr\u00f3fugo, ole\u00f3fugo, anti-manchas, anti-graffiti e resistente ao tr\u00e1fego pedonal.<\/p><p>Qualquer tipo de pavimento poroso, dever\u00e1 ser tratado e protegido por forma a evitar a infiltra\u00e7\u00e3o de humidade e as t\u00e3o inest\u00e9ticas manchas ou n\u00f3doas, quer sejam superf\u00edcies de interior ou de exterior.<\/p><p>O selante utilizado pela Chemdry \u00e9 hidr\u00f3fugo, ole\u00f3fugo e resistente ao tr\u00e1fego pedonal, protegendo o pavimento da \u00e1gua, \u00f3leos e quaisquer subst\u00e2ncias oleosas.<\/p><p>O facto de ser resistente ao tr\u00e1fego pedonal, torna-o ideal para zonas de grande aflu\u00eancia como por exemplo entradas de hot\u00e9is, entradas de servi\u00e7os, cozinhas, etc.<\/p>\t\t\t\t\t\t<\/div>\r\n\t\t\t\t<\/div>\r\n\t\t\t\t<div class=\"elementor-element elementor-element-2646552 elementor-widget__width-initial elementor-widget-mobile__width-inherit closed_accordion elementor-widget-tablet__width-initial elementor-widget elementor-widget-allsmiles_core_accordion\" data-id=\"2646552\" data-element_type=\"widget\" data-widget_type=\"allsmiles_core_accordion.default\">\r\n\t\t\t\t<div class=\"elementor-widget-container\">\r\n\t\t\t<div class=\"qodef-shortcode qodef-m custom_accordion custom_bullets qodef-accordion clear qodef-behavior--accordion qodef-layout--simple\">\n\t<h5 class=\"qodef-accordion-title\">\n\t<span class=\"qodef-tab-title\">PLACEHOLDER<\/span>\n\t<span class=\"qodef-accordion-mark\">\n\t\t<span class=\"qodef-icon--plus\"><svg  xmlns=\"http:\/\/www.w3.org\/2000\/svg\" xmlns:xlink=\"http:\/\/www.w3.org\/1999\/xlink\" viewBox=\"0 0 9 5.23\"><polygon points=\"0.73 0 4.5 3.77 8.27 0 9 0.73 4.5 5.23 0 0.73 0.73 0\"\/><\/svg><\/span>\n\t\t<span class=\"qodef-icon--minus\"><svg  xmlns=\"http:\/\/www.w3.org\/2000\/svg\" xmlns:xlink=\"http:\/\/www.w3.org\/1999\/xlink\" viewBox=\"0 0 9 5.23\"><polygon points=\"0.73 0 4.5 3.77 8.27 0 9 0.73 4.5 5.23 0 0.73 0.73 0\"\/><\/svg><\/span>\n\t<\/span>\n<\/h5>\n<div class=\"qodef-accordion-content\">\n\t<div class=\"qodef-accordion-content-inner\">\n\t\t\t<\/div>\n<\/div>\n<h5 class=\"qodef-accordion-title\">\n\t<span class=\"qodef-tab-title\">O nosso processo<\/span>\n\t<span class=\"qodef-accordion-mark\">\n\t\t<span class=\"qodef-icon--plus\"><svg  xmlns=\"http:\/\/www.w3.org\/2000\/svg\" xmlns:xlink=\"http:\/\/www.w3.org\/1999\/xlink\" viewBox=\"0 0 9 5.23\"><polygon points=\"0.73 0 4.5 3.77 8.27 0 9 0.73 4.5 5.23 0 0.73 0.73 0\"\/><\/svg><\/span>\n\t\t<span class=\"qodef-icon--minus\"><svg  xmlns=\"http:\/\/www.w3.org\/2000\/svg\" xmlns:xlink=\"http:\/\/www.w3.org\/1999\/xlink\" viewBox=\"0 0 9 5.23\"><polygon points=\"0.73 0 4.5 3.77 8.27 0 9 0.73 4.5 5.23 0 0.73 0.73 0\"\/><\/svg><\/span>\n\t<\/span>\n<\/h5>\n<div class=\"qodef-accordion-content\">\n\t<div class=\"qodef-accordion-content-inner\">\n\t\t<ul><li>O processo de aplica\u00e7\u00e3o \u00e9 r\u00e1pido e seguro;<\/li><li>O selante penetra no pavimento por infiltra\u00e7\u00e3o, mineraliza-se com o suporte, n\u00e3o fazendo camada \u00e0 superf\u00edcie;<\/li><li>N\u00e3o altera o aspeto, cor, nem a constitui\u00e7\u00e3o final do pavimento;<\/li><li>Dispomos ainda de uma vers\u00e3o do selante com brilho;<\/li><li>Este tratamento de preven\u00e7\u00e3o impede a penetra\u00e7\u00e3o dos pigmentos da tinta dos graffitis nos materiais porosos, facilitando assim a sua limpeza.<\/li><\/ul>\t<\/div>\n<\/div>\n<h5 class=\"qodef-accordion-title\">\n\t<span class=\"qodef-tab-title\">As vantagens da aplica\u00e7\u00e3o do selante<\/span>\n\t<span class=\"qodef-accordion-mark\">\n\t\t<span class=\"qodef-icon--plus\"><svg  xmlns=\"http:\/\/www.w3.org\/2000\/svg\" xmlns:xlink=\"http:\/\/www.w3.org\/1999\/xlink\" viewBox=\"0 0 9 5.23\"><polygon points=\"0.73 0 4.5 3.77 8.27 0 9 0.73 4.5 5.23 0 0.73 0.73 0\"\/><\/svg><\/span>\n\t\t<span class=\"qodef-icon--minus\"><svg  xmlns=\"http:\/\/www.w3.org\/2000\/svg\" xmlns:xlink=\"http:\/\/www.w3.org\/1999\/xlink\" viewBox=\"0 0 9 5.23\"><polygon points=\"0.73 0 4.5 3.77 8.27 0 9 0.73 4.5 5.23 0 0.73 0.73 0\"\/><\/svg><\/span>\n\t<\/span>\n<\/h5>\n<div class=\"qodef-accordion-content\">\n\t<div class=\"qodef-accordion-content-inner\">\n\t\t<ul><li>A propriedade hidr\u00f3fuga do nosso selante permite-lhe prevenir e impedir a penetra\u00e7\u00e3o da \u00e1gua, erradicando desta forma os efeitos negativos da humidade;<\/li><li>A sua caracter\u00edstica ole\u00f3fuga vai tornar a superf\u00edcie resistente \u00e0 penetra\u00e7\u00e3o de \u00f3leos e quaisquer tipos de gorduras;<\/li><li>Alta resist\u00eancia ao tr\u00e1fego pedonal;<\/li><li>Resiste \u00e0 polui\u00e7\u00e3o atmosf\u00e9rica e industrial;<\/li><li>\u00c9 um produto de base aquosa sendo considerado ecol\u00f3gico;<\/li><li>\u00c9 completamente invis\u00edvel depois de seco, n\u00e3o alterando a textura ou a cor dos materiais;<\/li><li>Tem alta resist\u00eancia aos raios UV;<\/li><li>Atrasa o engorduramento e o envelhecimento das superf\u00edcies tratadas, permitindo que o material respire.<\/li><\/ul>\t<\/div>\n<\/div>\n<h5 class=\"qodef-accordion-title\">\n\t<span class=\"qodef-tab-title\">Caracter\u00edsticas do produto<\/span>\n\t<span class=\"qodef-accordion-mark\">\n\t\t<span class=\"qodef-icon--plus\"><svg  xmlns=\"http:\/\/www.w3.org\/2000\/svg\" xmlns:xlink=\"http:\/\/www.w3.org\/1999\/xlink\" viewBox=\"0 0 9 5.23\"><polygon points=\"0.73 0 4.5 3.77 8.27 0 9 0.73 4.5 5.23 0 0.73 0.73 0\"\/><\/svg><\/span>\n\t\t<span class=\"qodef-icon--minus\"><svg  xmlns=\"http:\/\/www.w3.org\/2000\/svg\" xmlns:xlink=\"http:\/\/www.w3.org\/1999\/xlink\" viewBox=\"0 0 9 5.23\"><polygon points=\"0.73 0 4.5 3.77 8.27 0 9 0.73 4.5 5.23 0 0.73 0.73 0\"\/><\/svg><\/span>\n\t<\/span>\n<\/h5>\n<div class=\"qodef-accordion-content\">\n\t<div class=\"qodef-accordion-content-inner\">\n\t\t<ul><li>Base aquosa;<\/li><li>Sem solventes petrol\u00edferos;<\/li><li>Sem silicone;<\/li><li>Mais de 95% biodegrad\u00e1vel;<\/li><li>N\u00e3o t\u00f3xico;<\/li><li>N\u00e3o perigoso;<\/li><li>N\u00e3o inflam\u00e1vel.<\/li><\/ul>\t<\/div>\n<\/div>\n<\/div>\n\t\t<\/div>\r\n\t\t\t\t<\/div>\r\n\t\t\t\t<div class=\"elementor-element elementor-element-7b1bdb0 elementor-widget__width-inherit elementor-widget-tablet__width-inherit elementor-widget-mobile__width-inherit elementor-widget elementor-widget-allsmiles_core_button\" data-id=\"7b1bdb0\" data-element_type=\"widget\" data-widget_type=\"allsmiles_core_button.default\">\r\n\t\t\t\t<div class=\"elementor-widget-container\">\r\n\t\t\t<a class=\"qodef-shortcode qodef-m  qodef-button qodef-layout--textual   qodef-html--link \" href=\"https:\/\/www.staging.chemdryalgarve.com\/pedir-orcamento\/\" target=\"_self\"  >\n\t<span class=\"qodef-m-text\">Pe\u00e7a um or\u00e7amento<\/span>\n\t<svg  xmlns=\"http:\/\/www.w3.org\/2000\/svg\" xmlns:xlink=\"http:\/\/www.w3.org\/1999\/xlink\" viewBox=\"0 0 38.3 38.3\" class=\"qodef-decoration\"><path d=\"M1.1,19.1c0,9.9,8.1,18,18,18s18-8.1,18-18s-8.1-18-18-18S1.1,9.2,1.1,19.1L1.1,19.1z\"\/><path class=\"round\" d=\"M1.1,19.1c0,9.9,8.1,18,18,18s18-8.1,18-18s-8.1-18-18-18S1.1,9.2,1.1,19.1L1.1,19.1z\"\/><polyline points=\"16.4,24.6 21.9,19.1 16.4,13.7\"\/><\/svg><\/a>\n\t\t<\/div>\r\n\t\t\t\t<\/div>\r\n\t\t\t\t<div class=\"elementor-element elementor-element-50ffd13 elementor-widget__width-auto elementor-widget-tablet__width-auto elementor-widget-mobile__width-auto elementor-widget elementor-widget-allsmiles_core_button\" data-id=\"50ffd13\" data-element_type=\"widget\" data-widget_type=\"allsmiles_core_button.default\">\r\n\t\t\t\t<div class=\"elementor-widget-container\">\r\n\t\t\t<a class=\"qodef-shortcode qodef-m  qodef-button qodef-layout--filled   qodef-html--link qodef-direction-animation\" href=\"https:\/\/www.staging.chemdryalgarve.com\/tratamento-de-pavimentos\/\" target=\"_self\" data-hover-background-color=\"#2D81CC\" >\n\t<span class=\"qodef-m-text\">Voltar<\/span>\n\t\t\t<span class=\"qodef-btn-background-holder\">\n\t        <span class=\"qodef-btn-background\"><\/span>\n\t    <\/span>\n\t<\/a>\n\t\t<\/div>\r\n\t\t\t\t<\/div>\r\n\t\t\t\t\t<\/div>\r\n\t\t<\/div>\r\n\t\t\t\t<div class=\"elementor-column elementor-col-50 elementor-top-column elementor-element elementor-element-4eaa4d9\" data-id=\"4eaa4d9\" data-element_type=\"column\">\r\n\t\t\t<div class=\"elementor-widget-wrap elementor-element-populated\">\r\n\t\t\t\t\t\t\t\t<div class=\"elementor-element elementor-element-d20d71c fixed_ratio_img elementor-widget elementor-widget-image\" data-id=\"d20d71c\" data-element_type=\"widget\" data-widget_type=\"image.default\">\r\n\t\t\t\t<div class=\"elementor-widget-container\">\r\n\t\t\t<style>\/*! elementor - v3.10.2 - 29-01-2023 *\/\r\n.elementor-widget-image{text-align:center}.elementor-widget-image a{display:inline-block}.elementor-widget-image a img[src$=\".svg\"]{width:48px}.elementor-widget-image img{vertical-align:middle;display:inline-block}<\/style>\t\t\t\t\t\t\t\t\t\t\t\t<img loading=\"lazy\" decoding=\"async\" width=\"1024\" height=\"652\" src=\"https:\/\/www.staging.chemdryalgarve.com\/wp-content\/uploads\/2023\/03\/selante.jpg\" class=\"attachment-large size-large wp-image-17551\" alt=\"\" srcset=\"https:\/\/www.staging.chemdryalgarve.com\/wp-content\/uploads\/2023\/03\/selante.jpg 1024w, https:\/\/www.staging.chemdryalgarve.com\/wp-content\/uploads\/2023\/03\/selante-300x191.jpg 300w, https:\/\/www.staging.chemdryalgarve.com\/wp-content\/uploads\/2023\/03\/selante-768x489.jpg 768w, https:\/\/www.staging.chemdryalgarve.com\/wp-content\/uploads\/2023\/03\/selante-18x12.jpg 18w\" sizes=\"auto, (max-width: 1024px) 100vw, 1024px\" \/>\t\t\t\t\t\t\t\t\t\t\t\t\t\t\t<\/div>\r\n\t\t\t\t<\/div>\r\n\t\t\t\t\t<\/div>\r\n\t\t<\/div>\r\n\t\t\t\t\t\t\t<\/div>\r\n\t\t<\/section>\r\n\t\t\t\t<section class=\"elementor-section elementor-top-section elementor-element elementor-element-79cf105 qodef-elementor-content-grid elementor-section-boxed elementor-section-height-default elementor-section-height-default\" data-id=\"79cf105\" data-element_type=\"section\" data-settings=\"{&quot;background_background&quot;:&quot;classic&quot;}\">\r\n\t\t\t\t\t\t<div class=\"elementor-container elementor-column-gap-no\">\r\n\t\t\t\t\t<div class=\"elementor-column elementor-col-100 elementor-top-column elementor-element elementor-element-c0da766\" data-id=\"c0da766\" data-element_type=\"column\">\r\n\t\t\t<div class=\"elementor-widget-wrap elementor-element-populated\">\r\n\t\t\t\t\t\t\t\t<div class=\"elementor-element elementor-element-19691ef elementor-widget elementor-widget-allsmiles_core_call_to_action\" data-id=\"19691ef\" data-element_type=\"widget\" data-widget_type=\"allsmiles_core_call_to_action.default\">\r\n\t\t\t\t<div class=\"elementor-widget-container\">\r\n\t\t\t<div class=\"qodef-shortcode qodef-m  qodef-call-to-action qodef-layout--standard qodef-style--stretched\">\n\t<div class=\"qodef-m-inner\">\n\t\t\t<div class=\"qodef-m-content\"><h4 style=\"color: #58affc; font-size: 28px; line-height: 36px;\">Limpeza e Tratamentos de t\u00eaxteis e de pavimentos - Or\u00e7amentos Gratuitos<\/h4><h6 class=\"qodef-cta-aditional\" style=\"color: #76797e; margin-top: -9px;\">Deslocamo-nos at\u00e9 si e explicamos o nosso processo de trabalho, para que possa tomar uma decis\u00e3o.<\/h6><\/div>\n\t\t\t<div class=\"qodef-m-button\">\n\t\t<a class=\"qodef-shortcode qodef-m  qodef-button qodef-layout--filled   qodef-html--link qodef-direction-animation\" href=\"https:\/\/www.staging.chemdryalgarve.com\/pedir-orcamento\/\" target=\"_self\" data-hover-color=\"#FFFFFF\" data-hover-background-color=\"#77407D\" style=\"color: #FFFFFF;background-color: #94529C\">\t<span class=\"qodef-m-text\">Pedir or\u00e7amento<\/span>\t\t\t<span class=\"qodef-btn-background-holder\">\t        <span class=\"qodef-btn-background\"><\/span>\t    <\/span>\t<\/a>\t<\/div>\n\t<\/div>\n<\/div>\n\t\t<\/div>\r\n\t\t\t\t<\/div>\r\n\t\t\t\t\t<\/div>\r\n\t\t<\/div>\r\n\t\t\t\t\t\t\t<\/div>\r\n\t\t<\/section>\r\n\t\t\t\t\t\t\t<\/div>\r\n\t\t","protected":false},"excerpt":{"rendered":"<p>Tratamento de Pavimentos. Selante Hidr\u00f3fugo, ole\u00f3fugo, anti-manchas, anti-graffiti e resistente ao tr\u00e1fego pedonal. Qualquer tipo de pavimento poroso, dever\u00e1 ser tratado e protegido por forma a evitar a infiltra\u00e7\u00e3o de humidade e as t\u00e3o inest\u00e9ticas manchas ou n\u00f3doas, quer sejam superf\u00edcies de interior ou de exterior. O selante utilizado pela Chemdry \u00e9 hidr\u00f3fugo, ole\u00f3fugo e [&hellip;]<\/p>\n","protected":false},"author":2,"featured_media":15112,"parent":15327,"menu_order":2,"comment_status":"closed","ping_status":"closed","template":"page-full-width.php","meta":{"footnotes":""},"class_list":["post-15379","page","type-page","status-publish","has-post-thumbnail","hentry"],"acf":[],"yoast_head":"<!-- This site is optimized with the Yoast SEO Premium plugin v19.7 (Yoast SEO v19.14) - https:\/\/yoast.com\/wordpress\/plugins\/seo\/ -->\n<title>Tratamento selante para pavimentos - Chemdry Algarve<\/title>\n<meta name=\"description\" content=\"O nosso tratamento selante de pavimentos \u00e9 anti-manchas e anti-graffiti, resistente ao tr\u00e1fego pedonal, protege da humidade e de outros fatores externos.\" \/>\n<meta name=\"robots\" content=\"noindex, follow, max-snippet:-1, max-image-preview:large, max-video-preview:-1\" \/>\n<meta property=\"og:locale\" content=\"pt_PT\" \/>\n<meta property=\"og:type\" content=\"article\" \/>\n<meta property=\"og:title\" content=\"Selante\" \/>\n<meta property=\"og:description\" content=\"O nosso tratamento selante de pavimentos \u00e9 anti-manchas e anti-graffiti, resistente ao tr\u00e1fego pedonal, protege da humidade e de outros fatores externos.\" \/>\n<meta property=\"og:url\" content=\"https:\/\/www.staging.chemdryalgarve.com\/pt\/tratamento-de-pavimentos\/selante\/\" \/>\n<meta property=\"og:site_name\" content=\"Chemdry\" \/>\n<meta property=\"article:modified_time\" content=\"2023-03-06T18:23:29+00:00\" \/>\n<meta property=\"og:image\" content=\"https:\/\/www.staging.chemdryalgarve.com\/wp-content\/uploads\/2023\/01\/Logo_USA_thumbnail.png\" \/>\n\t<meta property=\"og:image:width\" content=\"350\" \/>\n\t<meta property=\"og:image:height\" content=\"300\" \/>\n\t<meta property=\"og:image:type\" content=\"image\/png\" \/>\n<meta name=\"twitter:card\" content=\"summary_large_image\" \/>\n<meta name=\"twitter:label1\" content=\"Tempo estimado de leitura\" \/>\n\t<meta name=\"twitter:data1\" content=\"3 minutos\" \/>\n<script type=\"application\/ld+json\" class=\"yoast-schema-graph\">{\"@context\":\"https:\/\/schema.org\",\"@graph\":[{\"@type\":\"WebPage\",\"@id\":\"https:\/\/www.staging.chemdryalgarve.com\/tratamento-de-pavimentos\/selante\/\",\"url\":\"https:\/\/www.staging.chemdryalgarve.com\/tratamento-de-pavimentos\/selante\/\",\"name\":\"Tratamento selante para pavimentos - Chemdry Algarve\",\"isPartOf\":{\"@id\":\"https:\/\/www.staging.chemdryalgarve.com\/#website\"},\"datePublished\":\"2023-01-16T23:41:49+00:00\",\"dateModified\":\"2023-03-06T18:23:29+00:00\",\"description\":\"O nosso tratamento selante de pavimentos \u00e9 anti-manchas e anti-graffiti, resistente ao tr\u00e1fego pedonal, protege da humidade e de outros fatores externos.\",\"breadcrumb\":{\"@id\":\"https:\/\/www.staging.chemdryalgarve.com\/tratamento-de-pavimentos\/selante\/#breadcrumb\"},\"inLanguage\":\"pt-PT\",\"potentialAction\":[{\"@type\":\"ReadAction\",\"target\":[\"https:\/\/www.staging.chemdryalgarve.com\/tratamento-de-pavimentos\/selante\/\"]}]},{\"@type\":\"BreadcrumbList\",\"@id\":\"https:\/\/www.staging.chemdryalgarve.com\/tratamento-de-pavimentos\/selante\/#breadcrumb\",\"itemListElement\":[{\"@type\":\"ListItem\",\"position\":1,\"name\":\"Home\",\"item\":\"https:\/\/www.staging.chemdryalgarve.com\/\"},{\"@type\":\"ListItem\",\"position\":2,\"name\":\"Tratamento de Pavimentos\",\"item\":\"https:\/\/www.staging.chemdryalgarve.com\/tratamento-de-pavimentos\/\"},{\"@type\":\"ListItem\",\"position\":3,\"name\":\"Selante\"}]},{\"@type\":\"WebSite\",\"@id\":\"https:\/\/www.staging.chemdryalgarve.com\/#website\",\"url\":\"https:\/\/www.staging.chemdryalgarve.com\/\",\"name\":\"Chemdry\",\"description\":\"Limpeza e Tratamentos de t\u00eaxteis e de pavimentos\",\"publisher\":{\"@id\":\"https:\/\/www.staging.chemdryalgarve.com\/#organization\"},\"potentialAction\":[{\"@type\":\"SearchAction\",\"target\":{\"@type\":\"EntryPoint\",\"urlTemplate\":\"https:\/\/www.staging.chemdryalgarve.com\/?s={search_term_string}\"},\"query-input\":\"required name=search_term_string\"}],\"inLanguage\":\"pt-PT\"},{\"@type\":\"Organization\",\"@id\":\"https:\/\/www.staging.chemdryalgarve.com\/#organization\",\"name\":\"Chemdry\",\"url\":\"https:\/\/www.staging.chemdryalgarve.com\/\",\"logo\":{\"@type\":\"ImageObject\",\"inLanguage\":\"pt-PT\",\"@id\":\"https:\/\/www.staging.chemdryalgarve.com\/#\/schema\/logo\/image\/\",\"url\":\"https:\/\/www.staging.chemdryalgarve.com\/wp-content\/uploads\/2025\/01\/cropped-ChemDry-by.png\",\"contentUrl\":\"https:\/\/www.staging.chemdryalgarve.com\/wp-content\/uploads\/2025\/01\/cropped-ChemDry-by.png\",\"width\":300,\"height\":100,\"caption\":\"Chemdry\"},\"image\":{\"@id\":\"https:\/\/www.staging.chemdryalgarve.com\/#\/schema\/logo\/image\/\"}}]}<\/script>\n<!-- \/ Yoast SEO Premium plugin. -->","yoast_head_json":{"title":"Tratamento selante para pavimentos - Chemdry Algarve","description":"O nosso tratamento selante de pavimentos \u00e9 anti-manchas e anti-graffiti, resistente ao tr\u00e1fego pedonal, protege da humidade e de outros fatores externos.","robots":{"index":"noindex","follow":"follow","max-snippet":"max-snippet:-1","max-image-preview":"max-image-preview:large","max-video-preview":"max-video-preview:-1"},"og_locale":"pt_PT","og_type":"article","og_title":"Selante","og_description":"O nosso tratamento selante de pavimentos \u00e9 anti-manchas e anti-graffiti, resistente ao tr\u00e1fego pedonal, protege da humidade e de outros fatores externos.","og_url":"https:\/\/www.staging.chemdryalgarve.com\/pt\/tratamento-de-pavimentos\/selante\/","og_site_name":"Chemdry","article_modified_time":"2023-03-06T18:23:29+00:00","og_image":[{"width":350,"height":300,"url":"https:\/\/www.staging.chemdryalgarve.com\/wp-content\/uploads\/2023\/01\/Logo_USA_thumbnail.png","type":"image\/png"}],"twitter_card":"summary_large_image","twitter_misc":{"Tempo estimado de leitura":"3 minutos"},"schema":{"@context":"https:\/\/schema.org","@graph":[{"@type":"WebPage","@id":"https:\/\/www.staging.chemdryalgarve.com\/tratamento-de-pavimentos\/selante\/","url":"https:\/\/www.staging.chemdryalgarve.com\/tratamento-de-pavimentos\/selante\/","name":"Tratamento selante para pavimentos - Chemdry Algarve","isPartOf":{"@id":"https:\/\/www.staging.chemdryalgarve.com\/#website"},"datePublished":"2023-01-16T23:41:49+00:00","dateModified":"2023-03-06T18:23:29+00:00","description":"O nosso tratamento selante de pavimentos \u00e9 anti-manchas e anti-graffiti, resistente ao tr\u00e1fego pedonal, protege da humidade e de outros fatores externos.","breadcrumb":{"@id":"https:\/\/www.staging.chemdryalgarve.com\/tratamento-de-pavimentos\/selante\/#breadcrumb"},"inLanguage":"pt-PT","potentialAction":[{"@type":"ReadAction","target":["https:\/\/www.staging.chemdryalgarve.com\/tratamento-de-pavimentos\/selante\/"]}]},{"@type":"BreadcrumbList","@id":"https:\/\/www.staging.chemdryalgarve.com\/tratamento-de-pavimentos\/selante\/#breadcrumb","itemListElement":[{"@type":"ListItem","position":1,"name":"Home","item":"https:\/\/www.staging.chemdryalgarve.com\/"},{"@type":"ListItem","position":2,"name":"Tratamento de Pavimentos","item":"https:\/\/www.staging.chemdryalgarve.com\/tratamento-de-pavimentos\/"},{"@type":"ListItem","position":3,"name":"Selante"}]},{"@type":"WebSite","@id":"https:\/\/www.staging.chemdryalgarve.com\/#website","url":"https:\/\/www.staging.chemdryalgarve.com\/","name":"Chemdry","description":"Limpeza e Tratamentos de t\u00eaxteis e de pavimentos","publisher":{"@id":"https:\/\/www.staging.chemdryalgarve.com\/#organization"},"potentialAction":[{"@type":"SearchAction","target":{"@type":"EntryPoint","urlTemplate":"https:\/\/www.staging.chemdryalgarve.com\/?s={search_term_string}"},"query-input":"required name=search_term_string"}],"inLanguage":"pt-PT"},{"@type":"Organization","@id":"https:\/\/www.staging.chemdryalgarve.com\/#organization","name":"Chemdry","url":"https:\/\/www.staging.chemdryalgarve.com\/","logo":{"@type":"ImageObject","inLanguage":"pt-PT","@id":"https:\/\/www.staging.chemdryalgarve.com\/#\/schema\/logo\/image\/","url":"https:\/\/www.staging.chemdryalgarve.com\/wp-content\/uploads\/2025\/01\/cropped-ChemDry-by.png","contentUrl":"https:\/\/www.staging.chemdryalgarve.com\/wp-content\/uploads\/2025\/01\/cropped-ChemDry-by.png","width":300,"height":100,"caption":"Chemdry"},"image":{"@id":"https:\/\/www.staging.chemdryalgarve.com\/#\/schema\/logo\/image\/"}}]}},"_links":{"self":[{"href":"https:\/\/www.staging.chemdryalgarve.com\/pt\/wp-json\/wp\/v2\/pages\/15379","targetHints":{"allow":["GET"]}}],"collection":[{"href":"https:\/\/www.staging.chemdryalgarve.com\/pt\/wp-json\/wp\/v2\/pages"}],"about":[{"href":"https:\/\/www.staging.chemdryalgarve.com\/pt\/wp-json\/wp\/v2\/types\/page"}],"author":[{"embeddable":true,"href":"https:\/\/www.staging.chemdryalgarve.com\/pt\/wp-json\/wp\/v2\/users\/2"}],"replies":[{"embeddable":true,"href":"https:\/\/www.staging.chemdryalgarve.com\/pt\/wp-json\/wp\/v2\/comments?post=15379"}],"version-history":[{"count":41,"href":"https:\/\/www.staging.chemdryalgarve.com\/pt\/wp-json\/wp\/v2\/pages\/15379\/revisions"}],"predecessor-version":[{"id":17557,"href":"https:\/\/www.staging.chemdryalgarve.com\/pt\/wp-json\/wp\/v2\/pages\/15379\/revisions\/17557"}],"up":[{"embeddable":true,"href":"https:\/\/www.staging.chemdryalgarve.com\/pt\/wp-json\/wp\/v2\/pages\/15327"}],"wp:featuredmedia":[{"embeddable":true,"href":"https:\/\/www.staging.chemdryalgarve.com\/pt\/wp-json\/wp\/v2\/media\/15112"}],"wp:attachment":[{"href":"https:\/\/www.staging.chemdryalgarve.com\/pt\/wp-json\/wp\/v2\/media?parent=15379"}],"curies":[{"name":"wp","href":"https:\/\/api.w.org\/{rel}","templated":true}]}}