{"id":15413,"date":"2023-01-17T00:01:25","date_gmt":"2023-01-17T00:01:25","guid":{"rendered":"https:\/\/www.chemdryalgarve.com\/?page_id=15413"},"modified":"2023-03-06T18:10:11","modified_gmt":"2023-03-06T18:10:11","slug":"tratamento-de-fachadas","status":"publish","type":"page","link":"https:\/\/www.staging.chemdryalgarve.com\/pt\/tratamento-de-fachadas\/","title":{"rendered":"Tratamento de Fachadas"},"content":{"rendered":"\t\t<div data-elementor-type=\"wp-page\" data-elementor-id=\"15413\" class=\"elementor elementor-15413\">\r\n\t\t\t\t\t\t\t\t\t<section class=\"elementor-section elementor-top-section elementor-element elementor-element-6a94780 qodef-elementor-content-grid sub-page-header elementor-section-boxed elementor-section-height-default elementor-section-height-default\" data-id=\"6a94780\" data-element_type=\"section\" data-settings=\"{&quot;background_background&quot;:&quot;classic&quot;}\">\r\n\t\t\t\t\t\t\t<div class=\"elementor-background-overlay\"><\/div>\r\n\t\t\t\t\t\t\t<div class=\"elementor-container elementor-column-gap-no\">\r\n\t\t\t\t\t<div class=\"elementor-column elementor-col-100 elementor-top-column elementor-element elementor-element-999ecfa\" data-id=\"999ecfa\" data-element_type=\"column\">\r\n\t\t\t<div class=\"elementor-widget-wrap elementor-element-populated\">\r\n\t\t\t\t\t\t\t\t<div class=\"elementor-element elementor-element-eb2ed30 elementor-widget__width-auto elementor-widget-tablet__width-auto elementor-widget-mobile__width-inherit elementor-widget elementor-widget-allsmiles_core_section_title\" data-id=\"eb2ed30\" data-element_type=\"widget\" data-widget_type=\"allsmiles_core_section_title.default\">\r\n\t\t\t\t<div class=\"elementor-widget-container\">\r\n\t\t\t<div class=\"qodef-shortcode qodef-m  qodef-section-title qodef-alignment--left \">\n\t\t\t<h1 class=\"qodef-m-title\" style=\"color: #F7F7F9\">\n\t\t\t\t\tTratamento de Fachadas\t\t\t<\/h1>\n\t<\/div>\n\t\t<\/div>\r\n\t\t\t\t<\/div>\r\n\t\t\t\t\t<\/div>\r\n\t\t<\/div>\r\n\t\t\t\t\t\t\t<\/div>\r\n\t\t<\/section>\r\n\t\t\t\t<section class=\"elementor-section elementor-top-section elementor-element elementor-element-b20f982 elementor-section-full_width qodef-elementor-content-grid qodef-extended-grid qodef-extended-grid--right elementor-section-content-bottom qodef-disable-extended-1024--yes elementor-section-height-default elementor-section-height-default\" data-id=\"b20f982\" data-element_type=\"section\">\r\n\t\t\t\t\t\t<div class=\"elementor-container elementor-column-gap-no\">\r\n\t\t\t\t\t<div class=\"elementor-column elementor-col-50 elementor-top-column elementor-element elementor-element-8d06cc6\" data-id=\"8d06cc6\" data-element_type=\"column\">\r\n\t\t\t<div class=\"elementor-widget-wrap elementor-element-populated\">\r\n\t\t\t\t\t\t\t\t<div class=\"elementor-element elementor-element-02f654e elementor-widget__width-initial elementor-widget-tablet__width-auto elementor-widget-mobile__width-inherit elementor-widget elementor-widget-allsmiles_core_section_title\" data-id=\"02f654e\" data-element_type=\"widget\" data-widget_type=\"allsmiles_core_section_title.default\">\r\n\t\t\t\t<div class=\"elementor-widget-container\">\r\n\t\t\t<div class=\"qodef-shortcode qodef-m  qodef-section-title qodef-alignment--left \">\n\t\t<h5 class=\"qodef-m-subtitle\" style=\"margin-bottom: 20px\">\n\t\tPreven\u00e7\u00e3o e prote\u00e7\u00e3o.\t<\/h5>\n\t\t<h2 class=\"qodef-m-title\" >\n\t\t\t\t\tO nosso processo\t\t\t<\/h2>\n\t<\/div>\n\t\t<\/div>\r\n\t\t\t\t<\/div>\r\n\t\t\t\t<div class=\"elementor-element elementor-element-2e3f036 custom_bullets elementor-widget elementor-widget-text-editor\" data-id=\"2e3f036\" data-element_type=\"widget\" data-widget_type=\"text-editor.default\">\r\n\t\t\t\t<div class=\"elementor-widget-container\">\r\n\t\t\t<style>\/*! elementor - v3.10.2 - 29-01-2023 *\/\r\n.elementor-widget-text-editor.elementor-drop-cap-view-stacked .elementor-drop-cap{background-color:#818a91;color:#fff}.elementor-widget-text-editor.elementor-drop-cap-view-framed .elementor-drop-cap{color:#818a91;border:3px solid;background-color:transparent}.elementor-widget-text-editor:not(.elementor-drop-cap-view-default) .elementor-drop-cap{margin-top:8px}.elementor-widget-text-editor:not(.elementor-drop-cap-view-default) .elementor-drop-cap-letter{width:1em;height:1em}.elementor-widget-text-editor .elementor-drop-cap{float:left;text-align:center;line-height:1;font-size:50px}.elementor-widget-text-editor .elementor-drop-cap-letter{display:inline-block}<\/style>\t\t\t\t<p>Para evitar que as fachadas sofram danos, por vezes irremedi\u00e1veis, causados pelo uso di\u00e1rio e pelas intemp\u00e9ries, a melhor solu\u00e7\u00e3o \u00e9 optar por tratamentos de preven\u00e7\u00e3o que os protejam.<\/p><p>A Chemdry tem os tratamentos certos para cada situa\u00e7\u00e3o.<\/p><p>Aos nossos profissionais cabe a tarefa de identificar o tratamento certo para cada tipo de pedra e o produto certo a aplicar em cada caso.<\/p><p>Efetuamos testes de medi\u00e7\u00e3o de humidade e temperatura e com o apoio dos fabricantes, conseguimos garantir uma precis\u00e3o ainda melhor na sele\u00e7\u00e3o do produto a utilizar.<\/p><p>Disponibilizamos gratuitamente aos nossos clientes testes \u00e0s pedras para garantir a melhor performance poss\u00edvel ap\u00f3s o tratamento.<\/p>\t\t\t\t\t\t<\/div>\r\n\t\t\t\t<\/div>\r\n\t\t\t\t<div class=\"elementor-element elementor-element-c7564c3 elementor-widget__width-auto elementor-widget-tablet__width-auto elementor-widget-mobile__width-auto elementor-widget elementor-widget-allsmiles_core_button\" data-id=\"c7564c3\" data-element_type=\"widget\" data-widget_type=\"allsmiles_core_button.default\">\r\n\t\t\t\t<div class=\"elementor-widget-container\">\r\n\t\t\t<a class=\"qodef-shortcode qodef-m  qodef-button qodef-layout--filled   qodef-html--link qodef-direction-animation\" href=\"https:\/\/www.staging.chemdryalgarve.com\/pedir-orcamento\/\" target=\"_self\" data-hover-background-color=\"#2D81CC\" >\n\t<span class=\"qodef-m-text\">Pe\u00e7a um or\u00e7amento<\/span>\n\t\t\t<span class=\"qodef-btn-background-holder\">\n\t        <span class=\"qodef-btn-background\"><\/span>\n\t    <\/span>\n\t<\/a>\n\t\t<\/div>\r\n\t\t\t\t<\/div>\r\n\t\t\t\t\t<\/div>\r\n\t\t<\/div>\r\n\t\t\t\t<div class=\"elementor-column elementor-col-50 elementor-top-column elementor-element elementor-element-be930be\" data-id=\"be930be\" data-element_type=\"column\">\r\n\t\t\t<div class=\"elementor-widget-wrap elementor-element-populated\">\r\n\t\t\t\t\t\t\t\t<div class=\"elementor-element elementor-element-5931351 custom_img_animation elementor-widget elementor-widget-image\" data-id=\"5931351\" data-element_type=\"widget\" data-widget_type=\"image.default\">\r\n\t\t\t\t<div class=\"elementor-widget-container\">\r\n\t\t\t<style>\/*! elementor - v3.10.2 - 29-01-2023 *\/\r\n.elementor-widget-image{text-align:center}.elementor-widget-image a{display:inline-block}.elementor-widget-image a img[src$=\".svg\"]{width:48px}.elementor-widget-image img{vertical-align:middle;display:inline-block}<\/style>\t\t\t\t\t\t\t\t\t\t\t\t<img loading=\"lazy\" decoding=\"async\" width=\"1024\" height=\"652\" src=\"https:\/\/www.staging.chemdryalgarve.com\/wp-content\/uploads\/2023\/01\/tratamento_fachadas_02_v1.jpg\" class=\"attachment-large size-large wp-image-16570\" alt=\"\" srcset=\"https:\/\/www.staging.chemdryalgarve.com\/wp-content\/uploads\/2023\/01\/tratamento_fachadas_02_v1.jpg 1024w, https:\/\/www.staging.chemdryalgarve.com\/wp-content\/uploads\/2023\/01\/tratamento_fachadas_02_v1-300x191.jpg 300w, https:\/\/www.staging.chemdryalgarve.com\/wp-content\/uploads\/2023\/01\/tratamento_fachadas_02_v1-768x489.jpg 768w\" sizes=\"auto, (max-width: 1024px) 100vw, 1024px\" \/>\t\t\t\t\t\t\t\t\t\t\t\t\t\t\t<\/div>\r\n\t\t\t\t<\/div>\r\n\t\t\t\t\t<\/div>\r\n\t\t<\/div>\r\n\t\t\t\t\t\t\t<\/div>\r\n\t\t<\/section>\r\n\t\t\t\t<section class=\"elementor-section elementor-top-section elementor-element elementor-element-88b9ed6 qodef-elementor-content-grid elementor-section-content-middle elementor-section-boxed elementor-section-height-default elementor-section-height-default\" data-id=\"88b9ed6\" data-element_type=\"section\" data-settings=\"{&quot;background_background&quot;:&quot;classic&quot;}\">\r\n\t\t\t\t\t\t<div class=\"elementor-container elementor-column-gap-no\">\r\n\t\t\t\t\t<div class=\"elementor-column elementor-col-100 elementor-top-column elementor-element elementor-element-51e605e\" data-id=\"51e605e\" data-element_type=\"column\">\r\n\t\t\t<div class=\"elementor-widget-wrap elementor-element-populated\">\r\n\t\t\t\t\t\t\t\t<div class=\"elementor-element elementor-element-c922ae1 elementor-widget__width-auto elementor-widget-tablet__width-auto elementor-widget-mobile__width-inherit elementor-widget elementor-widget-allsmiles_core_section_title\" data-id=\"c922ae1\" data-element_type=\"widget\" data-widget_type=\"allsmiles_core_section_title.default\">\r\n\t\t\t\t<div class=\"elementor-widget-container\">\r\n\t\t\t<div class=\"qodef-shortcode qodef-m  qodef-section-title qodef-alignment--left \">\n\t\t\t<h4 class=\"qodef-m-title\" >\n\t\t\t\t\tGaleria de fotos\t\t\t<\/h4>\n\t<\/div>\n\t\t<\/div>\r\n\t\t\t\t<\/div>\r\n\t\t\t\t<div class=\"elementor-element elementor-element-1a33963 list_gallery elementor-widget elementor-widget-allsmiles_core_image_gallery\" data-id=\"1a33963\" data-element_type=\"widget\" data-widget_type=\"allsmiles_core_image_gallery.default\">\r\n\t\t\t\t<div class=\"elementor-widget-container\">\r\n\t\t\t<div class=\"qodef-shortcode qodef-m custom_slider_gallery qodef-image-gallery qodef-magnific-popup qodef-popup-gallery qodef-grid qodef-layout--columns  qodef-gutter--large qodef-col-num--3  qodef-slider-pagination-placement--outside qodef--outside-center qodef-responsive--custom qodef-col-num--1440--3 qodef-col-num--1366--3 qodef-col-num--1024--2 qodef-col-num--768--2 qodef-col-num--680--2 qodef-col-num--480--2\">\n\t<div class=\"qodef-grid-inner clear\">\n\t\t<div class=\"qodef-e qodef-image-wrapper qodef-grid-item\">\n\t<div class=\"qodef-image-inner-holder\" style=\"border: 1px solid #e5edf3;border-radius: 5px;overflow: hidden\">\n\t\t\t\t\t<a class=\"qodef-popup-item\" itemprop=\"image\" href=\"https:\/\/www.staging.chemdryalgarve.com\/wp-content\/uploads\/2023\/03\/facades_01.jpg\" data-type=\"image\" title=\"\">\n\t\t\t\t\t<img loading=\"lazy\" decoding=\"async\" width=\"1024\" height=\"652\" src=\"https:\/\/www.staging.chemdryalgarve.com\/wp-content\/uploads\/2023\/03\/facades_01.jpg\" class=\"attachment-full size-full\" alt=\"\" srcset=\"https:\/\/www.staging.chemdryalgarve.com\/wp-content\/uploads\/2023\/03\/facades_01.jpg 1024w, https:\/\/www.staging.chemdryalgarve.com\/wp-content\/uploads\/2023\/03\/facades_01-300x191.jpg 300w, https:\/\/www.staging.chemdryalgarve.com\/wp-content\/uploads\/2023\/03\/facades_01-768x489.jpg 768w, https:\/\/www.staging.chemdryalgarve.com\/wp-content\/uploads\/2023\/03\/facades_01-18x12.jpg 18w\" sizes=\"auto, (max-width: 1024px) 100vw, 1024px\" \/>\t\t\t\t\t<\/a>\n\t\t\t<\/div>\n<\/div>\n<div class=\"qodef-e qodef-image-wrapper qodef-grid-item\">\n\t<div class=\"qodef-image-inner-holder\" style=\"border: 1px solid #e5edf3;border-radius: 5px;overflow: hidden\">\n\t\t\t\t\t<a class=\"qodef-popup-item\" itemprop=\"image\" href=\"https:\/\/www.staging.chemdryalgarve.com\/wp-content\/uploads\/2023\/03\/facades_02.jpg\" data-type=\"image\" title=\"\">\n\t\t\t\t\t<img loading=\"lazy\" decoding=\"async\" width=\"1024\" height=\"652\" src=\"https:\/\/www.staging.chemdryalgarve.com\/wp-content\/uploads\/2023\/03\/facades_02.jpg\" class=\"attachment-full size-full\" alt=\"\" srcset=\"https:\/\/www.staging.chemdryalgarve.com\/wp-content\/uploads\/2023\/03\/facades_02.jpg 1024w, https:\/\/www.staging.chemdryalgarve.com\/wp-content\/uploads\/2023\/03\/facades_02-300x191.jpg 300w, https:\/\/www.staging.chemdryalgarve.com\/wp-content\/uploads\/2023\/03\/facades_02-768x489.jpg 768w, https:\/\/www.staging.chemdryalgarve.com\/wp-content\/uploads\/2023\/03\/facades_02-18x12.jpg 18w\" sizes=\"auto, (max-width: 1024px) 100vw, 1024px\" \/>\t\t\t\t\t<\/a>\n\t\t\t<\/div>\n<\/div>\n<div class=\"qodef-e qodef-image-wrapper qodef-grid-item\">\n\t<div class=\"qodef-image-inner-holder\" style=\"border: 1px solid #e5edf3;border-radius: 5px;overflow: hidden\">\n\t\t\t\t\t<a class=\"qodef-popup-item\" itemprop=\"image\" href=\"https:\/\/www.staging.chemdryalgarve.com\/wp-content\/uploads\/2023\/03\/facades_03.jpg\" data-type=\"image\" title=\"\">\n\t\t\t\t\t<img loading=\"lazy\" decoding=\"async\" width=\"1024\" height=\"652\" src=\"https:\/\/www.staging.chemdryalgarve.com\/wp-content\/uploads\/2023\/03\/facades_03.jpg\" class=\"attachment-full size-full\" alt=\"\" srcset=\"https:\/\/www.staging.chemdryalgarve.com\/wp-content\/uploads\/2023\/03\/facades_03.jpg 1024w, https:\/\/www.staging.chemdryalgarve.com\/wp-content\/uploads\/2023\/03\/facades_03-300x191.jpg 300w, https:\/\/www.staging.chemdryalgarve.com\/wp-content\/uploads\/2023\/03\/facades_03-768x489.jpg 768w, https:\/\/www.staging.chemdryalgarve.com\/wp-content\/uploads\/2023\/03\/facades_03-18x12.jpg 18w\" sizes=\"auto, (max-width: 1024px) 100vw, 1024px\" \/>\t\t\t\t\t<\/a>\n\t\t\t<\/div>\n<\/div>\n<div class=\"qodef-e qodef-image-wrapper qodef-grid-item\">\n\t<div class=\"qodef-image-inner-holder\" style=\"border: 1px solid #e5edf3;border-radius: 5px;overflow: hidden\">\n\t\t\t\t\t<a class=\"qodef-popup-item\" itemprop=\"image\" href=\"https:\/\/www.staging.chemdryalgarve.com\/wp-content\/uploads\/2023\/03\/facades_04.jpg\" data-type=\"image\" title=\"\">\n\t\t\t\t\t<img loading=\"lazy\" decoding=\"async\" width=\"1024\" height=\"652\" src=\"https:\/\/www.staging.chemdryalgarve.com\/wp-content\/uploads\/2023\/03\/facades_04.jpg\" class=\"attachment-full size-full\" alt=\"\" srcset=\"https:\/\/www.staging.chemdryalgarve.com\/wp-content\/uploads\/2023\/03\/facades_04.jpg 1024w, https:\/\/www.staging.chemdryalgarve.com\/wp-content\/uploads\/2023\/03\/facades_04-300x191.jpg 300w, https:\/\/www.staging.chemdryalgarve.com\/wp-content\/uploads\/2023\/03\/facades_04-768x489.jpg 768w, https:\/\/www.staging.chemdryalgarve.com\/wp-content\/uploads\/2023\/03\/facades_04-18x12.jpg 18w\" sizes=\"auto, (max-width: 1024px) 100vw, 1024px\" \/>\t\t\t\t\t<\/a>\n\t\t\t<\/div>\n<\/div>\n\t<\/div>\n<\/div>\n\t\t<\/div>\r\n\t\t\t\t<\/div>\r\n\t\t\t\t<div class=\"elementor-element elementor-element-f4ef440 elementor-widget__width-auto elementor-widget-tablet__width-inherit elementor-widget-mobile__width-inherit elementor-widget elementor-widget-allsmiles_core_button\" data-id=\"f4ef440\" data-element_type=\"widget\" data-widget_type=\"allsmiles_core_button.default\">\r\n\t\t\t\t<div class=\"elementor-widget-container\">\r\n\t\t\t<a class=\"qodef-shortcode qodef-m  qodef-button qodef-layout--textual   qodef-html--link \" href=\"https:\/\/www.staging.chemdryalgarve.com\/contactos\/\" target=\"_self\"  >\n\t<span class=\"qodef-m-text\">Entre em contacto<\/span>\n\t<svg  xmlns=\"http:\/\/www.w3.org\/2000\/svg\" xmlns:xlink=\"http:\/\/www.w3.org\/1999\/xlink\" viewBox=\"0 0 38.3 38.3\" class=\"qodef-decoration\"><path d=\"M1.1,19.1c0,9.9,8.1,18,18,18s18-8.1,18-18s-8.1-18-18-18S1.1,9.2,1.1,19.1L1.1,19.1z\"\/><path class=\"round\" d=\"M1.1,19.1c0,9.9,8.1,18,18,18s18-8.1,18-18s-8.1-18-18-18S1.1,9.2,1.1,19.1L1.1,19.1z\"\/><polyline points=\"16.4,24.6 21.9,19.1 16.4,13.7\"\/><\/svg><\/a>\n\t\t<\/div>\r\n\t\t\t\t<\/div>\r\n\t\t\t\t\t<\/div>\r\n\t\t<\/div>\r\n\t\t\t\t\t\t\t<\/div>\r\n\t\t<\/section>\r\n\t\t\t\t<section class=\"elementor-section elementor-top-section elementor-element elementor-element-952f711 qodef-elementor-content-grid elementor-section-boxed elementor-section-height-default elementor-section-height-default\" data-id=\"952f711\" data-element_type=\"section\">\r\n\t\t\t\t\t\t<div class=\"elementor-container elementor-column-gap-no\">\r\n\t\t\t\t\t<div class=\"elementor-column elementor-col-100 elementor-top-column elementor-element elementor-element-ffc471a\" data-id=\"ffc471a\" data-element_type=\"column\">\r\n\t\t\t<div class=\"elementor-widget-wrap elementor-element-populated\">\r\n\t\t\t\t\t\t\t\t<div class=\"elementor-element elementor-element-dfbe45a elementor-widget elementor-widget-allsmiles_core_call_to_action\" data-id=\"dfbe45a\" data-element_type=\"widget\" data-widget_type=\"allsmiles_core_call_to_action.default\">\r\n\t\t\t\t<div class=\"elementor-widget-container\">\r\n\t\t\t<div class=\"qodef-shortcode qodef-m  qodef-call-to-action qodef-layout--standard qodef-style--stretched\">\n\t<div class=\"qodef-m-inner\">\n\t\t\t<div class=\"qodef-m-content\"><h4 style=\"color: #58affc; font-size: 28px; line-height: 36px;\">Limpeza e Tratamentos de t\u00eaxteis e de pavimentos - Or\u00e7amentos Gratuitos<\/h4><h6 class=\"qodef-cta-aditional\" style=\"color: #76797e; margin-top: -9px;\">Deslocamo-nos at\u00e9 si e explicamos o nosso processo de trabalho, para que possa tomar uma decis\u00e3o.<\/h6><\/div>\n\t\t\t<div class=\"qodef-m-button\">\n\t\t<a class=\"qodef-shortcode qodef-m  qodef-button qodef-layout--filled   qodef-html--link qodef-direction-animation\" href=\"https:\/\/www.staging.chemdryalgarve.com\/pedir-orcamento\/\" target=\"_self\" data-hover-color=\"#FFFFFF\" data-hover-background-color=\"#77407D\" style=\"color: #FFFFFF;background-color: #94529C\">\t<span class=\"qodef-m-text\">Pedir or\u00e7amento<\/span>\t\t\t<span class=\"qodef-btn-background-holder\">\t        <span class=\"qodef-btn-background\"><\/span>\t    <\/span>\t<\/a>\t<\/div>\n\t<\/div>\n<\/div>\n\t\t<\/div>\r\n\t\t\t\t<\/div>\r\n\t\t\t\t\t<\/div>\r\n\t\t<\/div>\r\n\t\t\t\t\t\t\t<\/div>\r\n\t\t<\/section>\r\n\t\t\t\t\t\t\t<\/div>\r\n\t\t","protected":false},"excerpt":{"rendered":"<p>Tratamento de Fachadas Preven\u00e7\u00e3o e prote\u00e7\u00e3o. O nosso processo Para evitar que as fachadas sofram danos, por vezes irremedi\u00e1veis, causados pelo uso di\u00e1rio e pelas intemp\u00e9ries, a melhor solu\u00e7\u00e3o \u00e9 optar por tratamentos de preven\u00e7\u00e3o que os protejam. A Chemdry tem os tratamentos certos para cada situa\u00e7\u00e3o. Aos nossos profissionais cabe a tarefa de identificar [&hellip;]<\/p>\n","protected":false},"author":2,"featured_media":15112,"parent":0,"menu_order":0,"comment_status":"closed","ping_status":"closed","template":"page-full-width.php","meta":{"footnotes":""},"class_list":["post-15413","page","type-page","status-publish","has-post-thumbnail","hentry"],"acf":[],"yoast_head":"<!-- This site is optimized with the Yoast SEO Premium plugin v19.7 (Yoast SEO v19.14) - https:\/\/yoast.com\/wordpress\/plugins\/seo\/ -->\n<title>Tratamento de fachadas - Chemdry Algarve<\/title>\n<meta name=\"description\" content=\"Tratamos das fachadas de qualquer edif\u00edcio, deixando-as limpas e livres de danos irremedi\u00e1veis! Pe\u00e7a j\u00e1 o seu or\u00e7amento gratuito.\" \/>\n<meta name=\"robots\" content=\"noindex, follow, max-snippet:-1, max-image-preview:large, max-video-preview:-1\" \/>\n<meta property=\"og:locale\" content=\"pt_PT\" \/>\n<meta property=\"og:type\" content=\"article\" \/>\n<meta property=\"og:title\" content=\"Tratamento de Fachadas\" \/>\n<meta property=\"og:description\" content=\"Tratamos das fachadas de qualquer edif\u00edcio, deixando-as limpas e livres de danos irremedi\u00e1veis! Pe\u00e7a j\u00e1 o seu or\u00e7amento gratuito.\" \/>\n<meta property=\"og:url\" content=\"https:\/\/www.staging.chemdryalgarve.com\/pt\/tratamento-de-fachadas\/\" \/>\n<meta property=\"og:site_name\" content=\"Chemdry\" \/>\n<meta property=\"article:modified_time\" content=\"2023-03-06T18:10:11+00:00\" \/>\n<meta property=\"og:image\" content=\"https:\/\/www.staging.chemdryalgarve.com\/wp-content\/uploads\/2023\/01\/Logo_USA_thumbnail.png\" \/>\n\t<meta property=\"og:image:width\" content=\"350\" \/>\n\t<meta property=\"og:image:height\" content=\"300\" \/>\n\t<meta property=\"og:image:type\" content=\"image\/png\" \/>\n<meta name=\"twitter:card\" content=\"summary_large_image\" \/>\n<meta name=\"twitter:label1\" content=\"Tempo estimado de leitura\" \/>\n\t<meta name=\"twitter:data1\" content=\"2 minutos\" \/>\n<script type=\"application\/ld+json\" class=\"yoast-schema-graph\">{\"@context\":\"https:\/\/schema.org\",\"@graph\":[{\"@type\":\"WebPage\",\"@id\":\"https:\/\/www.staging.chemdryalgarve.com\/tratamento-de-fachadas\/\",\"url\":\"https:\/\/www.staging.chemdryalgarve.com\/tratamento-de-fachadas\/\",\"name\":\"Tratamento de fachadas - Chemdry Algarve\",\"isPartOf\":{\"@id\":\"https:\/\/www.staging.chemdryalgarve.com\/#website\"},\"datePublished\":\"2023-01-17T00:01:25+00:00\",\"dateModified\":\"2023-03-06T18:10:11+00:00\",\"description\":\"Tratamos das fachadas de qualquer edif\u00edcio, deixando-as limpas e livres de danos irremedi\u00e1veis! Pe\u00e7a j\u00e1 o seu or\u00e7amento gratuito.\",\"breadcrumb\":{\"@id\":\"https:\/\/www.staging.chemdryalgarve.com\/tratamento-de-fachadas\/#breadcrumb\"},\"inLanguage\":\"pt-PT\",\"potentialAction\":[{\"@type\":\"ReadAction\",\"target\":[\"https:\/\/www.staging.chemdryalgarve.com\/tratamento-de-fachadas\/\"]}]},{\"@type\":\"BreadcrumbList\",\"@id\":\"https:\/\/www.staging.chemdryalgarve.com\/tratamento-de-fachadas\/#breadcrumb\",\"itemListElement\":[{\"@type\":\"ListItem\",\"position\":1,\"name\":\"Home\",\"item\":\"https:\/\/www.staging.chemdryalgarve.com\/\"},{\"@type\":\"ListItem\",\"position\":2,\"name\":\"Tratamento de Fachadas\"}]},{\"@type\":\"WebSite\",\"@id\":\"https:\/\/www.staging.chemdryalgarve.com\/#website\",\"url\":\"https:\/\/www.staging.chemdryalgarve.com\/\",\"name\":\"Chemdry\",\"description\":\"Limpeza e Tratamentos de t\u00eaxteis e de pavimentos\",\"publisher\":{\"@id\":\"https:\/\/www.staging.chemdryalgarve.com\/#organization\"},\"potentialAction\":[{\"@type\":\"SearchAction\",\"target\":{\"@type\":\"EntryPoint\",\"urlTemplate\":\"https:\/\/www.staging.chemdryalgarve.com\/?s={search_term_string}\"},\"query-input\":\"required name=search_term_string\"}],\"inLanguage\":\"pt-PT\"},{\"@type\":\"Organization\",\"@id\":\"https:\/\/www.staging.chemdryalgarve.com\/#organization\",\"name\":\"Chemdry\",\"url\":\"https:\/\/www.staging.chemdryalgarve.com\/\",\"logo\":{\"@type\":\"ImageObject\",\"inLanguage\":\"pt-PT\",\"@id\":\"https:\/\/www.staging.chemdryalgarve.com\/#\/schema\/logo\/image\/\",\"url\":\"https:\/\/www.staging.chemdryalgarve.com\/wp-content\/uploads\/2025\/01\/cropped-ChemDry-by.png\",\"contentUrl\":\"https:\/\/www.staging.chemdryalgarve.com\/wp-content\/uploads\/2025\/01\/cropped-ChemDry-by.png\",\"width\":300,\"height\":100,\"caption\":\"Chemdry\"},\"image\":{\"@id\":\"https:\/\/www.staging.chemdryalgarve.com\/#\/schema\/logo\/image\/\"}}]}<\/script>\n<!-- \/ Yoast SEO Premium plugin. -->","yoast_head_json":{"title":"Tratamento de fachadas - Chemdry Algarve","description":"Tratamos das fachadas de qualquer edif\u00edcio, deixando-as limpas e livres de danos irremedi\u00e1veis! Pe\u00e7a j\u00e1 o seu or\u00e7amento gratuito.","robots":{"index":"noindex","follow":"follow","max-snippet":"max-snippet:-1","max-image-preview":"max-image-preview:large","max-video-preview":"max-video-preview:-1"},"og_locale":"pt_PT","og_type":"article","og_title":"Tratamento de Fachadas","og_description":"Tratamos das fachadas de qualquer edif\u00edcio, deixando-as limpas e livres de danos irremedi\u00e1veis! Pe\u00e7a j\u00e1 o seu or\u00e7amento gratuito.","og_url":"https:\/\/www.staging.chemdryalgarve.com\/pt\/tratamento-de-fachadas\/","og_site_name":"Chemdry","article_modified_time":"2023-03-06T18:10:11+00:00","og_image":[{"width":350,"height":300,"url":"https:\/\/www.staging.chemdryalgarve.com\/wp-content\/uploads\/2023\/01\/Logo_USA_thumbnail.png","type":"image\/png"}],"twitter_card":"summary_large_image","twitter_misc":{"Tempo estimado de leitura":"2 minutos"},"schema":{"@context":"https:\/\/schema.org","@graph":[{"@type":"WebPage","@id":"https:\/\/www.staging.chemdryalgarve.com\/tratamento-de-fachadas\/","url":"https:\/\/www.staging.chemdryalgarve.com\/tratamento-de-fachadas\/","name":"Tratamento de fachadas - Chemdry Algarve","isPartOf":{"@id":"https:\/\/www.staging.chemdryalgarve.com\/#website"},"datePublished":"2023-01-17T00:01:25+00:00","dateModified":"2023-03-06T18:10:11+00:00","description":"Tratamos das fachadas de qualquer edif\u00edcio, deixando-as limpas e livres de danos irremedi\u00e1veis! Pe\u00e7a j\u00e1 o seu or\u00e7amento gratuito.","breadcrumb":{"@id":"https:\/\/www.staging.chemdryalgarve.com\/tratamento-de-fachadas\/#breadcrumb"},"inLanguage":"pt-PT","potentialAction":[{"@type":"ReadAction","target":["https:\/\/www.staging.chemdryalgarve.com\/tratamento-de-fachadas\/"]}]},{"@type":"BreadcrumbList","@id":"https:\/\/www.staging.chemdryalgarve.com\/tratamento-de-fachadas\/#breadcrumb","itemListElement":[{"@type":"ListItem","position":1,"name":"Home","item":"https:\/\/www.staging.chemdryalgarve.com\/"},{"@type":"ListItem","position":2,"name":"Tratamento de Fachadas"}]},{"@type":"WebSite","@id":"https:\/\/www.staging.chemdryalgarve.com\/#website","url":"https:\/\/www.staging.chemdryalgarve.com\/","name":"Chemdry","description":"Limpeza e Tratamentos de t\u00eaxteis e de pavimentos","publisher":{"@id":"https:\/\/www.staging.chemdryalgarve.com\/#organization"},"potentialAction":[{"@type":"SearchAction","target":{"@type":"EntryPoint","urlTemplate":"https:\/\/www.staging.chemdryalgarve.com\/?s={search_term_string}"},"query-input":"required name=search_term_string"}],"inLanguage":"pt-PT"},{"@type":"Organization","@id":"https:\/\/www.staging.chemdryalgarve.com\/#organization","name":"Chemdry","url":"https:\/\/www.staging.chemdryalgarve.com\/","logo":{"@type":"ImageObject","inLanguage":"pt-PT","@id":"https:\/\/www.staging.chemdryalgarve.com\/#\/schema\/logo\/image\/","url":"https:\/\/www.staging.chemdryalgarve.com\/wp-content\/uploads\/2025\/01\/cropped-ChemDry-by.png","contentUrl":"https:\/\/www.staging.chemdryalgarve.com\/wp-content\/uploads\/2025\/01\/cropped-ChemDry-by.png","width":300,"height":100,"caption":"Chemdry"},"image":{"@id":"https:\/\/www.staging.chemdryalgarve.com\/#\/schema\/logo\/image\/"}}]}},"_links":{"self":[{"href":"https:\/\/www.staging.chemdryalgarve.com\/pt\/wp-json\/wp\/v2\/pages\/15413","targetHints":{"allow":["GET"]}}],"collection":[{"href":"https:\/\/www.staging.chemdryalgarve.com\/pt\/wp-json\/wp\/v2\/pages"}],"about":[{"href":"https:\/\/www.staging.chemdryalgarve.com\/pt\/wp-json\/wp\/v2\/types\/page"}],"author":[{"embeddable":true,"href":"https:\/\/www.staging.chemdryalgarve.com\/pt\/wp-json\/wp\/v2\/users\/2"}],"replies":[{"embeddable":true,"href":"https:\/\/www.staging.chemdryalgarve.com\/pt\/wp-json\/wp\/v2\/comments?post=15413"}],"version-history":[{"count":62,"href":"https:\/\/www.staging.chemdryalgarve.com\/pt\/wp-json\/wp\/v2\/pages\/15413\/revisions"}],"predecessor-version":[{"id":17547,"href":"https:\/\/www.staging.chemdryalgarve.com\/pt\/wp-json\/wp\/v2\/pages\/15413\/revisions\/17547"}],"wp:featuredmedia":[{"embeddable":true,"href":"https:\/\/www.staging.chemdryalgarve.com\/pt\/wp-json\/wp\/v2\/media\/15112"}],"wp:attachment":[{"href":"https:\/\/www.staging.chemdryalgarve.com\/pt\/wp-json\/wp\/v2\/media?parent=15413"}],"curies":[{"name":"wp","href":"https:\/\/api.w.org\/{rel}","templated":true}]}}