{"id":15572,"date":"2023-01-17T20:25:46","date_gmt":"2023-01-17T20:25:46","guid":{"rendered":"https:\/\/www.chemdryalgarve.com\/?page_id=15572"},"modified":"2023-03-06T17:55:25","modified_gmt":"2023-03-06T17:55:25","slug":"limpeza-pos-incendio","status":"publish","type":"page","link":"https:\/\/www.staging.chemdryalgarve.com\/pt\/outros-servicos\/limpeza-pos-incendio\/","title":{"rendered":"Limpeza p\u00f3s-inc\u00eandio"},"content":{"rendered":"\t\t<div data-elementor-type=\"wp-page\" data-elementor-id=\"15572\" class=\"elementor elementor-15572\">\r\n\t\t\t\t\t\t\t\t\t<section class=\"elementor-section elementor-top-section elementor-element elementor-element-4236c8a elementor-section-full_width qodef-elementor-content-grid qodef-extended-grid qodef-extended-grid--right qodef-disable-extended-1024--yes elementor-section-height-default elementor-section-height-default\" data-id=\"4236c8a\" data-element_type=\"section\">\r\n\t\t\t\t\t\t<div class=\"elementor-container elementor-column-gap-no\">\r\n\t\t\t\t\t<div class=\"elementor-column elementor-col-50 elementor-top-column elementor-element elementor-element-958ee63\" data-id=\"958ee63\" data-element_type=\"column\">\r\n\t\t\t<div class=\"elementor-widget-wrap elementor-element-populated\">\r\n\t\t\t\t\t\t\t\t<div class=\"elementor-element elementor-element-e80ccbc elementor-widget-mobile__width-inherit elementor-widget__width-initial elementor-widget-tablet__width-initial elementor-widget elementor-widget-allsmiles_core_section_title\" data-id=\"e80ccbc\" data-element_type=\"widget\" data-widget_type=\"allsmiles_core_section_title.default\">\r\n\t\t\t\t<div class=\"elementor-widget-container\">\r\n\t\t\t<div class=\"qodef-shortcode qodef-m  qodef-section-title qodef-alignment--left \">\n\t\t<h5 class=\"qodef-m-subtitle\" style=\"margin-bottom: 20px\">\n\t\tRealizamos servi\u00e7os de limpeza p\u00f3s-inc\u00eandio em resid\u00eancias e empresas.\t<\/h5>\n\t\t<h1 class=\"qodef-m-title\" >\n\t\t\t\t\tLimpeza p\u00f3s-inc\u00eandio\t\t\t<\/h1>\n\t<\/div>\n\t\t<\/div>\r\n\t\t\t\t<\/div>\r\n\t\t\t\t<div class=\"elementor-element elementor-element-bee40d2 custom_bullets elementor-widget__width-initial elementor-widget-tablet__width-initial elementor-widget-mobile__width-inherit elementor-widget elementor-widget-text-editor\" data-id=\"bee40d2\" data-element_type=\"widget\" data-widget_type=\"text-editor.default\">\r\n\t\t\t\t<div class=\"elementor-widget-container\">\r\n\t\t\t<style>\/*! elementor - v3.10.2 - 29-01-2023 *\/\r\n.elementor-widget-text-editor.elementor-drop-cap-view-stacked .elementor-drop-cap{background-color:#818a91;color:#fff}.elementor-widget-text-editor.elementor-drop-cap-view-framed .elementor-drop-cap{color:#818a91;border:3px solid;background-color:transparent}.elementor-widget-text-editor:not(.elementor-drop-cap-view-default) .elementor-drop-cap{margin-top:8px}.elementor-widget-text-editor:not(.elementor-drop-cap-view-default) .elementor-drop-cap-letter{width:1em;height:1em}.elementor-widget-text-editor .elementor-drop-cap{float:left;text-align:center;line-height:1;font-size:50px}.elementor-widget-text-editor .elementor-drop-cap-letter{display:inline-block}<\/style>\t\t\t\t<p>Oferecemos um trabalho diferenciado em qualidade e tecnologia, com equipas especialistas e dimensionadas \u00e0s necessidades e caracter\u00edsticas de cada cliente.<\/p><p>A limpeza p\u00f3s-inc\u00eandio \u00e9 realizada com meio mec\u00e2nico e meio manual.<\/p><p>A ChemDry utiliza equipamentos com alto poder de extra\u00e7\u00e3o, suc\u00e7\u00e3o e m\u00e1quinas de press\u00e3o de \u00e1gua, que para al\u00e9m de limparem em profundidade garantem que as paredes e tetos fiquem prontas a serem novamente pintadas.<\/p><p>Com as nossas m\u00e1quinas conseguimos remover a fuligem que fica nas paredes, tetos e pavimentos.<\/p><p>Dispomos tamb\u00e9m de todo o acompanhamento do servi\u00e7o, a remo\u00e7\u00e3o de materiais danificados da casa, a coloca\u00e7\u00e3o dos mesmo nos s\u00edtios respetivos, a limpeza de janelas, vidros, aros, portas, m\u00f3veis e mob\u00edlia.<\/p><p>Os produtos por n\u00f3s utilizados, na limpeza, s\u00e3o biol\u00f3gicos n\u00e3o constituindo por isso qualquer tipo de perigo, quer durante quer ap\u00f3s a limpeza.<\/p>\t\t\t\t\t\t<\/div>\r\n\t\t\t\t<\/div>\r\n\t\t\t\t<div class=\"elementor-element elementor-element-01dacde elementor-widget__width-initial elementor-widget-mobile__width-inherit closed_accordion elementor-widget-tablet__width-initial elementor-widget elementor-widget-allsmiles_core_accordion\" data-id=\"01dacde\" data-element_type=\"widget\" data-widget_type=\"allsmiles_core_accordion.default\">\r\n\t\t\t\t<div class=\"elementor-widget-container\">\r\n\t\t\t<div class=\"qodef-shortcode qodef-m custom_accordion custom_bullets qodef-accordion clear qodef-behavior--accordion qodef-layout--simple\">\n\t<h5 class=\"qodef-accordion-title\">\n\t<span class=\"qodef-tab-title\">PLACEHOLDER<\/span>\n\t<span class=\"qodef-accordion-mark\">\n\t\t<span class=\"qodef-icon--plus\"><svg  xmlns=\"http:\/\/www.w3.org\/2000\/svg\" xmlns:xlink=\"http:\/\/www.w3.org\/1999\/xlink\" viewBox=\"0 0 9 5.23\"><polygon points=\"0.73 0 4.5 3.77 8.27 0 9 0.73 4.5 5.23 0 0.73 0.73 0\"\/><\/svg><\/span>\n\t\t<span class=\"qodef-icon--minus\"><svg  xmlns=\"http:\/\/www.w3.org\/2000\/svg\" xmlns:xlink=\"http:\/\/www.w3.org\/1999\/xlink\" viewBox=\"0 0 9 5.23\"><polygon points=\"0.73 0 4.5 3.77 8.27 0 9 0.73 4.5 5.23 0 0.73 0.73 0\"\/><\/svg><\/span>\n\t<\/span>\n<\/h5>\n<div class=\"qodef-accordion-content\">\n\t<div class=\"qodef-accordion-content-inner\">\n\t\t\t<\/div>\n<\/div>\n<h5 class=\"qodef-accordion-title\">\n\t<span class=\"qodef-tab-title\">O que precisa de saber<\/span>\n\t<span class=\"qodef-accordion-mark\">\n\t\t<span class=\"qodef-icon--plus\"><svg  xmlns=\"http:\/\/www.w3.org\/2000\/svg\" xmlns:xlink=\"http:\/\/www.w3.org\/1999\/xlink\" viewBox=\"0 0 9 5.23\"><polygon points=\"0.73 0 4.5 3.77 8.27 0 9 0.73 4.5 5.23 0 0.73 0.73 0\"\/><\/svg><\/span>\n\t\t<span class=\"qodef-icon--minus\"><svg  xmlns=\"http:\/\/www.w3.org\/2000\/svg\" xmlns:xlink=\"http:\/\/www.w3.org\/1999\/xlink\" viewBox=\"0 0 9 5.23\"><polygon points=\"0.73 0 4.5 3.77 8.27 0 9 0.73 4.5 5.23 0 0.73 0.73 0\"\/><\/svg><\/span>\n\t<\/span>\n<\/h5>\n<div class=\"qodef-accordion-content\">\n\t<div class=\"qodef-accordion-content-inner\">\n\t\t<ul><li>O fogo n\u00e3o atua somente como fonte de calor destrutivo, mas tamb\u00e9m pode produzir \u00e1cidos corrosivos com alta capacidade de contaminar materiais de constru\u00e7\u00e3o, instala\u00e7\u00f5es, m\u00f3veis e m\u00e1quinas.<\/li><li>A fuligem \u00e9 composta por componentes qu\u00edmicos, cujas part\u00edculas, quando inaladas, penetram no sistema respirat\u00f3rio causando graves problemas de sa\u00fade, sendo por isso muito importante executar um servi\u00e7o de limpeza profissional para eliminar todos focos de contamina\u00e7\u00e3o.<\/li><\/ul>\t<\/div>\n<\/div>\n<\/div>\n\t\t<\/div>\r\n\t\t\t\t<\/div>\r\n\t\t\t\t<div class=\"elementor-element elementor-element-c16d22b elementor-widget__width-inherit elementor-widget-tablet__width-inherit elementor-widget-mobile__width-inherit elementor-widget elementor-widget-allsmiles_core_button\" data-id=\"c16d22b\" data-element_type=\"widget\" data-widget_type=\"allsmiles_core_button.default\">\r\n\t\t\t\t<div class=\"elementor-widget-container\">\r\n\t\t\t<a class=\"qodef-shortcode qodef-m  qodef-button qodef-layout--textual   qodef-html--link \" href=\"https:\/\/www.staging.chemdryalgarve.com\/pedir-orcamento\/\" target=\"_self\"  >\n\t<span class=\"qodef-m-text\">Pe\u00e7a um or\u00e7amento<\/span>\n\t<svg  xmlns=\"http:\/\/www.w3.org\/2000\/svg\" xmlns:xlink=\"http:\/\/www.w3.org\/1999\/xlink\" viewBox=\"0 0 38.3 38.3\" class=\"qodef-decoration\"><path d=\"M1.1,19.1c0,9.9,8.1,18,18,18s18-8.1,18-18s-8.1-18-18-18S1.1,9.2,1.1,19.1L1.1,19.1z\"\/><path class=\"round\" d=\"M1.1,19.1c0,9.9,8.1,18,18,18s18-8.1,18-18s-8.1-18-18-18S1.1,9.2,1.1,19.1L1.1,19.1z\"\/><polyline points=\"16.4,24.6 21.9,19.1 16.4,13.7\"\/><\/svg><\/a>\n\t\t<\/div>\r\n\t\t\t\t<\/div>\r\n\t\t\t\t<div class=\"elementor-element elementor-element-d059d7b elementor-widget__width-auto elementor-widget-tablet__width-auto elementor-widget-mobile__width-auto elementor-widget elementor-widget-allsmiles_core_button\" data-id=\"d059d7b\" data-element_type=\"widget\" data-widget_type=\"allsmiles_core_button.default\">\r\n\t\t\t\t<div class=\"elementor-widget-container\">\r\n\t\t\t<a class=\"qodef-shortcode qodef-m  qodef-button qodef-layout--filled   qodef-html--link qodef-direction-animation\" href=\"https:\/\/www.staging.chemdryalgarve.com\/outros-servicos\/\" target=\"_self\" data-hover-background-color=\"#2D81CC\" >\n\t<span class=\"qodef-m-text\">Voltar<\/span>\n\t\t\t<span class=\"qodef-btn-background-holder\">\n\t        <span class=\"qodef-btn-background\"><\/span>\n\t    <\/span>\n\t<\/a>\n\t\t<\/div>\r\n\t\t\t\t<\/div>\r\n\t\t\t\t\t<\/div>\r\n\t\t<\/div>\r\n\t\t\t\t<div class=\"elementor-column elementor-col-50 elementor-top-column elementor-element elementor-element-b251cd6\" data-id=\"b251cd6\" data-element_type=\"column\">\r\n\t\t\t<div class=\"elementor-widget-wrap elementor-element-populated\">\r\n\t\t\t\t\t\t\t\t<div class=\"elementor-element elementor-element-48e7b67 fixed_ratio_img elementor-widget elementor-widget-image\" data-id=\"48e7b67\" data-element_type=\"widget\" data-widget_type=\"image.default\">\r\n\t\t\t\t<div class=\"elementor-widget-container\">\r\n\t\t\t<style>\/*! elementor - v3.10.2 - 29-01-2023 *\/\r\n.elementor-widget-image{text-align:center}.elementor-widget-image a{display:inline-block}.elementor-widget-image a img[src$=\".svg\"]{width:48px}.elementor-widget-image img{vertical-align:middle;display:inline-block}<\/style>\t\t\t\t\t\t\t\t\t\t\t\t<img loading=\"lazy\" decoding=\"async\" width=\"1024\" height=\"683\" src=\"https:\/\/www.staging.chemdryalgarve.com\/wp-content\/uploads\/2023\/03\/pexels-f-hektor-10252682-1024x683.jpg\" class=\"attachment-large size-large wp-image-17354\" alt=\"\" srcset=\"https:\/\/www.staging.chemdryalgarve.com\/wp-content\/uploads\/2023\/03\/pexels-f-hektor-10252682-1024x683.jpg 1024w, https:\/\/www.staging.chemdryalgarve.com\/wp-content\/uploads\/2023\/03\/pexels-f-hektor-10252682-300x200.jpg 300w, https:\/\/www.staging.chemdryalgarve.com\/wp-content\/uploads\/2023\/03\/pexels-f-hektor-10252682-768x512.jpg 768w, https:\/\/www.staging.chemdryalgarve.com\/wp-content\/uploads\/2023\/03\/pexels-f-hektor-10252682-1536x1024.jpg 1536w, https:\/\/www.staging.chemdryalgarve.com\/wp-content\/uploads\/2023\/03\/pexels-f-hektor-10252682-2048x1365.jpg 2048w, https:\/\/www.staging.chemdryalgarve.com\/wp-content\/uploads\/2023\/03\/pexels-f-hektor-10252682-18x12.jpg 18w\" sizes=\"auto, (max-width: 1024px) 100vw, 1024px\" \/>\t\t\t\t\t\t\t\t\t\t\t\t\t\t\t<\/div>\r\n\t\t\t\t<\/div>\r\n\t\t\t\t\t<\/div>\r\n\t\t<\/div>\r\n\t\t\t\t\t\t\t<\/div>\r\n\t\t<\/section>\r\n\t\t\t\t<section class=\"elementor-section elementor-top-section elementor-element elementor-element-37f0aec qodef-elementor-content-grid elementor-section-boxed elementor-section-height-default elementor-section-height-default\" data-id=\"37f0aec\" data-element_type=\"section\" data-settings=\"{&quot;background_background&quot;:&quot;classic&quot;}\">\r\n\t\t\t\t\t\t<div class=\"elementor-container elementor-column-gap-no\">\r\n\t\t\t\t\t<div class=\"elementor-column elementor-col-100 elementor-top-column elementor-element elementor-element-941cab9\" data-id=\"941cab9\" data-element_type=\"column\">\r\n\t\t\t<div class=\"elementor-widget-wrap elementor-element-populated\">\r\n\t\t\t\t\t\t\t\t<div class=\"elementor-element elementor-element-c0f3112 elementor-widget elementor-widget-allsmiles_core_call_to_action\" data-id=\"c0f3112\" data-element_type=\"widget\" data-widget_type=\"allsmiles_core_call_to_action.default\">\r\n\t\t\t\t<div class=\"elementor-widget-container\">\r\n\t\t\t<div class=\"qodef-shortcode qodef-m  qodef-call-to-action qodef-layout--standard qodef-style--stretched\">\n\t<div class=\"qodef-m-inner\">\n\t\t\t<div class=\"qodef-m-content\"><h4 style=\"color: #58affc; font-size: 28px; line-height: 36px;\">Limpeza e Tratamentos de t\u00eaxteis e de pavimentos - Or\u00e7amentos Gratuitos<\/h4><h6 class=\"qodef-cta-aditional\" style=\"color: #76797e; margin-top: -9px;\">Deslocamo-nos at\u00e9 si e explicamos o nosso processo de trabalho, para que possa tomar uma decis\u00e3o.<\/h6><\/div>\n\t\t\t<div class=\"qodef-m-button\">\n\t\t<a class=\"qodef-shortcode qodef-m  qodef-button qodef-layout--filled   qodef-html--link qodef-direction-animation\" href=\"https:\/\/www.staging.chemdryalgarve.com\/pedir-orcamento\/\" target=\"_self\" data-hover-color=\"#FFFFFF\" data-hover-background-color=\"#77407D\" style=\"color: #FFFFFF;background-color: #94529C\">\t<span class=\"qodef-m-text\">Pedir or\u00e7amento<\/span>\t\t\t<span class=\"qodef-btn-background-holder\">\t        <span class=\"qodef-btn-background\"><\/span>\t    <\/span>\t<\/a>\t<\/div>\n\t<\/div>\n<\/div>\n\t\t<\/div>\r\n\t\t\t\t<\/div>\r\n\t\t\t\t\t<\/div>\r\n\t\t<\/div>\r\n\t\t\t\t\t\t\t<\/div>\r\n\t\t<\/section>\r\n\t\t\t\t\t\t\t<\/div>\r\n\t\t","protected":false},"excerpt":{"rendered":"<p>Realizamos servi\u00e7os de limpeza p\u00f3s-inc\u00eandio em resid\u00eancias e empresas. Limpeza p\u00f3s-inc\u00eandio Oferecemos um trabalho diferenciado em qualidade e tecnologia, com equipas especialistas e dimensionadas \u00e0s necessidades e caracter\u00edsticas de cada cliente. A limpeza p\u00f3s-inc\u00eandio \u00e9 realizada com meio mec\u00e2nico e meio manual. A ChemDry utiliza equipamentos com alto poder de extra\u00e7\u00e3o, suc\u00e7\u00e3o e m\u00e1quinas de [&hellip;]<\/p>\n","protected":false},"author":2,"featured_media":15112,"parent":15490,"menu_order":1,"comment_status":"closed","ping_status":"closed","template":"page-full-width.php","meta":{"footnotes":""},"class_list":["post-15572","page","type-page","status-publish","has-post-thumbnail","hentry"],"acf":[],"yoast_head":"<!-- This site is optimized with the Yoast SEO Premium plugin v19.7 (Yoast SEO v19.14) - https:\/\/yoast.com\/wordpress\/plugins\/seo\/ -->\n<title>Limpeza p\u00f3s-inc\u00eandio - Chemdry Algarve<\/title>\n<meta name=\"description\" content=\"Realizamos limpezas p\u00f3s-inc\u00eandio de casas, edif\u00edcios ou espa\u00e7os comerciais. Fazemos uma limpeza a fundo do espa\u00e7o, removendo fuligem e outras sujidades.\" \/>\n<meta name=\"robots\" content=\"noindex, follow, max-snippet:-1, max-image-preview:large, max-video-preview:-1\" \/>\n<meta property=\"og:locale\" content=\"pt_PT\" \/>\n<meta property=\"og:type\" content=\"article\" \/>\n<meta property=\"og:title\" content=\"Limpeza p\u00f3s-inc\u00eandio\" \/>\n<meta property=\"og:description\" content=\"Realizamos limpezas p\u00f3s-inc\u00eandio de casas, edif\u00edcios ou espa\u00e7os comerciais. Fazemos uma limpeza a fundo do espa\u00e7o, removendo fuligem e outras sujidades.\" \/>\n<meta property=\"og:url\" content=\"https:\/\/www.staging.chemdryalgarve.com\/pt\/outros-servicos\/limpeza-pos-incendio\/\" \/>\n<meta property=\"og:site_name\" content=\"Chemdry\" \/>\n<meta property=\"article:modified_time\" content=\"2023-03-06T17:55:25+00:00\" \/>\n<meta property=\"og:image\" content=\"https:\/\/www.staging.chemdryalgarve.com\/wp-content\/uploads\/2023\/01\/Logo_USA_thumbnail.png\" \/>\n\t<meta property=\"og:image:width\" content=\"350\" \/>\n\t<meta property=\"og:image:height\" content=\"300\" \/>\n\t<meta property=\"og:image:type\" content=\"image\/png\" \/>\n<meta name=\"twitter:card\" content=\"summary_large_image\" \/>\n<meta name=\"twitter:label1\" content=\"Tempo estimado de leitura\" \/>\n\t<meta name=\"twitter:data1\" content=\"2 minutos\" \/>\n<script type=\"application\/ld+json\" class=\"yoast-schema-graph\">{\"@context\":\"https:\/\/schema.org\",\"@graph\":[{\"@type\":\"WebPage\",\"@id\":\"https:\/\/www.staging.chemdryalgarve.com\/outros-servicos\/limpeza-pos-incendio\/\",\"url\":\"https:\/\/www.staging.chemdryalgarve.com\/outros-servicos\/limpeza-pos-incendio\/\",\"name\":\"Limpeza p\u00f3s-inc\u00eandio - Chemdry Algarve\",\"isPartOf\":{\"@id\":\"https:\/\/www.staging.chemdryalgarve.com\/#website\"},\"datePublished\":\"2023-01-17T20:25:46+00:00\",\"dateModified\":\"2023-03-06T17:55:25+00:00\",\"description\":\"Realizamos limpezas p\u00f3s-inc\u00eandio de casas, edif\u00edcios ou espa\u00e7os comerciais. Fazemos uma limpeza a fundo do espa\u00e7o, removendo fuligem e outras sujidades.\",\"breadcrumb\":{\"@id\":\"https:\/\/www.staging.chemdryalgarve.com\/outros-servicos\/limpeza-pos-incendio\/#breadcrumb\"},\"inLanguage\":\"pt-PT\",\"potentialAction\":[{\"@type\":\"ReadAction\",\"target\":[\"https:\/\/www.staging.chemdryalgarve.com\/outros-servicos\/limpeza-pos-incendio\/\"]}]},{\"@type\":\"BreadcrumbList\",\"@id\":\"https:\/\/www.staging.chemdryalgarve.com\/outros-servicos\/limpeza-pos-incendio\/#breadcrumb\",\"itemListElement\":[{\"@type\":\"ListItem\",\"position\":1,\"name\":\"Home\",\"item\":\"https:\/\/www.staging.chemdryalgarve.com\/\"},{\"@type\":\"ListItem\",\"position\":2,\"name\":\"Outros Servi\u00e7os\",\"item\":\"https:\/\/www.staging.chemdryalgarve.com\/outros-servicos\/\"},{\"@type\":\"ListItem\",\"position\":3,\"name\":\"Limpeza p\u00f3s-inc\u00eandio\"}]},{\"@type\":\"WebSite\",\"@id\":\"https:\/\/www.staging.chemdryalgarve.com\/#website\",\"url\":\"https:\/\/www.staging.chemdryalgarve.com\/\",\"name\":\"Chemdry\",\"description\":\"Limpeza e Tratamentos de t\u00eaxteis e de pavimentos\",\"publisher\":{\"@id\":\"https:\/\/www.staging.chemdryalgarve.com\/#organization\"},\"potentialAction\":[{\"@type\":\"SearchAction\",\"target\":{\"@type\":\"EntryPoint\",\"urlTemplate\":\"https:\/\/www.staging.chemdryalgarve.com\/?s={search_term_string}\"},\"query-input\":\"required name=search_term_string\"}],\"inLanguage\":\"pt-PT\"},{\"@type\":\"Organization\",\"@id\":\"https:\/\/www.staging.chemdryalgarve.com\/#organization\",\"name\":\"Chemdry\",\"url\":\"https:\/\/www.staging.chemdryalgarve.com\/\",\"logo\":{\"@type\":\"ImageObject\",\"inLanguage\":\"pt-PT\",\"@id\":\"https:\/\/www.staging.chemdryalgarve.com\/#\/schema\/logo\/image\/\",\"url\":\"https:\/\/www.staging.chemdryalgarve.com\/wp-content\/uploads\/2025\/01\/cropped-ChemDry-by.png\",\"contentUrl\":\"https:\/\/www.staging.chemdryalgarve.com\/wp-content\/uploads\/2025\/01\/cropped-ChemDry-by.png\",\"width\":300,\"height\":100,\"caption\":\"Chemdry\"},\"image\":{\"@id\":\"https:\/\/www.staging.chemdryalgarve.com\/#\/schema\/logo\/image\/\"}}]}<\/script>\n<!-- \/ Yoast SEO Premium plugin. -->","yoast_head_json":{"title":"Limpeza p\u00f3s-inc\u00eandio - Chemdry Algarve","description":"Realizamos limpezas p\u00f3s-inc\u00eandio de casas, edif\u00edcios ou espa\u00e7os comerciais. Fazemos uma limpeza a fundo do espa\u00e7o, removendo fuligem e outras sujidades.","robots":{"index":"noindex","follow":"follow","max-snippet":"max-snippet:-1","max-image-preview":"max-image-preview:large","max-video-preview":"max-video-preview:-1"},"og_locale":"pt_PT","og_type":"article","og_title":"Limpeza p\u00f3s-inc\u00eandio","og_description":"Realizamos limpezas p\u00f3s-inc\u00eandio de casas, edif\u00edcios ou espa\u00e7os comerciais. Fazemos uma limpeza a fundo do espa\u00e7o, removendo fuligem e outras sujidades.","og_url":"https:\/\/www.staging.chemdryalgarve.com\/pt\/outros-servicos\/limpeza-pos-incendio\/","og_site_name":"Chemdry","article_modified_time":"2023-03-06T17:55:25+00:00","og_image":[{"width":350,"height":300,"url":"https:\/\/www.staging.chemdryalgarve.com\/wp-content\/uploads\/2023\/01\/Logo_USA_thumbnail.png","type":"image\/png"}],"twitter_card":"summary_large_image","twitter_misc":{"Tempo estimado de leitura":"2 minutos"},"schema":{"@context":"https:\/\/schema.org","@graph":[{"@type":"WebPage","@id":"https:\/\/www.staging.chemdryalgarve.com\/outros-servicos\/limpeza-pos-incendio\/","url":"https:\/\/www.staging.chemdryalgarve.com\/outros-servicos\/limpeza-pos-incendio\/","name":"Limpeza p\u00f3s-inc\u00eandio - Chemdry Algarve","isPartOf":{"@id":"https:\/\/www.staging.chemdryalgarve.com\/#website"},"datePublished":"2023-01-17T20:25:46+00:00","dateModified":"2023-03-06T17:55:25+00:00","description":"Realizamos limpezas p\u00f3s-inc\u00eandio de casas, edif\u00edcios ou espa\u00e7os comerciais. Fazemos uma limpeza a fundo do espa\u00e7o, removendo fuligem e outras sujidades.","breadcrumb":{"@id":"https:\/\/www.staging.chemdryalgarve.com\/outros-servicos\/limpeza-pos-incendio\/#breadcrumb"},"inLanguage":"pt-PT","potentialAction":[{"@type":"ReadAction","target":["https:\/\/www.staging.chemdryalgarve.com\/outros-servicos\/limpeza-pos-incendio\/"]}]},{"@type":"BreadcrumbList","@id":"https:\/\/www.staging.chemdryalgarve.com\/outros-servicos\/limpeza-pos-incendio\/#breadcrumb","itemListElement":[{"@type":"ListItem","position":1,"name":"Home","item":"https:\/\/www.staging.chemdryalgarve.com\/"},{"@type":"ListItem","position":2,"name":"Outros Servi\u00e7os","item":"https:\/\/www.staging.chemdryalgarve.com\/outros-servicos\/"},{"@type":"ListItem","position":3,"name":"Limpeza p\u00f3s-inc\u00eandio"}]},{"@type":"WebSite","@id":"https:\/\/www.staging.chemdryalgarve.com\/#website","url":"https:\/\/www.staging.chemdryalgarve.com\/","name":"Chemdry","description":"Limpeza e Tratamentos de t\u00eaxteis e de pavimentos","publisher":{"@id":"https:\/\/www.staging.chemdryalgarve.com\/#organization"},"potentialAction":[{"@type":"SearchAction","target":{"@type":"EntryPoint","urlTemplate":"https:\/\/www.staging.chemdryalgarve.com\/?s={search_term_string}"},"query-input":"required name=search_term_string"}],"inLanguage":"pt-PT"},{"@type":"Organization","@id":"https:\/\/www.staging.chemdryalgarve.com\/#organization","name":"Chemdry","url":"https:\/\/www.staging.chemdryalgarve.com\/","logo":{"@type":"ImageObject","inLanguage":"pt-PT","@id":"https:\/\/www.staging.chemdryalgarve.com\/#\/schema\/logo\/image\/","url":"https:\/\/www.staging.chemdryalgarve.com\/wp-content\/uploads\/2025\/01\/cropped-ChemDry-by.png","contentUrl":"https:\/\/www.staging.chemdryalgarve.com\/wp-content\/uploads\/2025\/01\/cropped-ChemDry-by.png","width":300,"height":100,"caption":"Chemdry"},"image":{"@id":"https:\/\/www.staging.chemdryalgarve.com\/#\/schema\/logo\/image\/"}}]}},"_links":{"self":[{"href":"https:\/\/www.staging.chemdryalgarve.com\/pt\/wp-json\/wp\/v2\/pages\/15572","targetHints":{"allow":["GET"]}}],"collection":[{"href":"https:\/\/www.staging.chemdryalgarve.com\/pt\/wp-json\/wp\/v2\/pages"}],"about":[{"href":"https:\/\/www.staging.chemdryalgarve.com\/pt\/wp-json\/wp\/v2\/types\/page"}],"author":[{"embeddable":true,"href":"https:\/\/www.staging.chemdryalgarve.com\/pt\/wp-json\/wp\/v2\/users\/2"}],"replies":[{"embeddable":true,"href":"https:\/\/www.staging.chemdryalgarve.com\/pt\/wp-json\/wp\/v2\/comments?post=15572"}],"version-history":[{"count":50,"href":"https:\/\/www.staging.chemdryalgarve.com\/pt\/wp-json\/wp\/v2\/pages\/15572\/revisions"}],"predecessor-version":[{"id":17540,"href":"https:\/\/www.staging.chemdryalgarve.com\/pt\/wp-json\/wp\/v2\/pages\/15572\/revisions\/17540"}],"up":[{"embeddable":true,"href":"https:\/\/www.staging.chemdryalgarve.com\/pt\/wp-json\/wp\/v2\/pages\/15490"}],"wp:featuredmedia":[{"embeddable":true,"href":"https:\/\/www.staging.chemdryalgarve.com\/pt\/wp-json\/wp\/v2\/media\/15112"}],"wp:attachment":[{"href":"https:\/\/www.staging.chemdryalgarve.com\/pt\/wp-json\/wp\/v2\/media?parent=15572"}],"curies":[{"name":"wp","href":"https:\/\/api.w.org\/{rel}","templated":true}]}}