{"id":15574,"date":"2023-01-17T20:26:53","date_gmt":"2023-01-17T20:26:53","guid":{"rendered":"https:\/\/www.chemdryalgarve.com\/?page_id=15574"},"modified":"2023-03-06T17:45:36","modified_gmt":"2023-03-06T17:45:36","slug":"limpeza-de-telhados","status":"publish","type":"page","link":"https:\/\/www.staging.chemdryalgarve.com\/pt\/outros-servicos\/limpeza-de-telhados\/","title":{"rendered":"Limpeza de Telhados"},"content":{"rendered":"\t\t<div data-elementor-type=\"wp-page\" data-elementor-id=\"15574\" class=\"elementor elementor-15574\">\r\n\t\t\t\t\t\t\t\t\t<section class=\"elementor-section elementor-top-section elementor-element elementor-element-4236c8a elementor-section-full_width qodef-elementor-content-grid qodef-extended-grid qodef-extended-grid--right qodef-disable-extended-1024--yes elementor-section-height-default elementor-section-height-default\" data-id=\"4236c8a\" data-element_type=\"section\">\r\n\t\t\t\t\t\t<div class=\"elementor-container elementor-column-gap-no\">\r\n\t\t\t\t\t<div class=\"elementor-column elementor-col-50 elementor-top-column elementor-element elementor-element-958ee63\" data-id=\"958ee63\" data-element_type=\"column\">\r\n\t\t\t<div class=\"elementor-widget-wrap elementor-element-populated\">\r\n\t\t\t\t\t\t\t\t<div class=\"elementor-element elementor-element-e80ccbc elementor-widget-mobile__width-inherit elementor-widget__width-initial elementor-widget-tablet__width-initial elementor-widget elementor-widget-allsmiles_core_section_title\" data-id=\"e80ccbc\" data-element_type=\"widget\" data-widget_type=\"allsmiles_core_section_title.default\">\r\n\t\t\t\t<div class=\"elementor-widget-container\">\r\n\t\t\t<div class=\"qodef-shortcode qodef-m  qodef-section-title qodef-alignment--left \">\n\t\t<h5 class=\"qodef-m-subtitle\" style=\"margin-bottom: 20px\">\n\t\tServi\u00e7os especializados.\t<\/h5>\n\t\t<h1 class=\"qodef-m-title\" >\n\t\t\t\t\tLimpeza de Telhados\t\t\t<\/h1>\n\t<\/div>\n\t\t<\/div>\r\n\t\t\t\t<\/div>\r\n\t\t\t\t<div class=\"elementor-element elementor-element-bee40d2 custom_bullets elementor-widget__width-initial elementor-widget-tablet__width-initial elementor-widget-mobile__width-inherit elementor-widget elementor-widget-text-editor\" data-id=\"bee40d2\" data-element_type=\"widget\" data-widget_type=\"text-editor.default\">\r\n\t\t\t\t<div class=\"elementor-widget-container\">\r\n\t\t\t<style>\/*! elementor - v3.10.2 - 29-01-2023 *\/\r\n.elementor-widget-text-editor.elementor-drop-cap-view-stacked .elementor-drop-cap{background-color:#818a91;color:#fff}.elementor-widget-text-editor.elementor-drop-cap-view-framed .elementor-drop-cap{color:#818a91;border:3px solid;background-color:transparent}.elementor-widget-text-editor:not(.elementor-drop-cap-view-default) .elementor-drop-cap{margin-top:8px}.elementor-widget-text-editor:not(.elementor-drop-cap-view-default) .elementor-drop-cap-letter{width:1em;height:1em}.elementor-widget-text-editor .elementor-drop-cap{float:left;text-align:center;line-height:1;font-size:50px}.elementor-widget-text-editor .elementor-drop-cap-letter{display:inline-block}<\/style>\t\t\t\t<p>Disponibilizamos aos nossos clientes um servi\u00e7o de limpeza de telhados garantindo a destrui\u00e7\u00e3o radical dos musgos, l\u00edquenes, algas e cogumelos.<\/p><p>Ap\u00f3s a limpeza os suportes ficam prontos para receber o tratamento, que pode ser, consoante a necessidade e op\u00e7\u00e3o de cada cliente, a aplica\u00e7\u00e3o de selante ou o tratamento curativo.<\/p>\t\t\t\t\t\t<\/div>\r\n\t\t\t\t<\/div>\r\n\t\t\t\t<div class=\"elementor-element elementor-element-01dacde elementor-widget__width-initial elementor-widget-mobile__width-inherit closed_accordion elementor-widget-tablet__width-initial elementor-widget elementor-widget-allsmiles_core_accordion\" data-id=\"01dacde\" data-element_type=\"widget\" data-widget_type=\"allsmiles_core_accordion.default\">\r\n\t\t\t\t<div class=\"elementor-widget-container\">\r\n\t\t\t<div class=\"qodef-shortcode qodef-m custom_accordion custom_bullets qodef-accordion clear qodef-behavior--accordion qodef-layout--simple\">\n\t<h5 class=\"qodef-accordion-title\">\n\t<span class=\"qodef-tab-title\">PLACEHOLDER<\/span>\n\t<span class=\"qodef-accordion-mark\">\n\t\t<span class=\"qodef-icon--plus\"><svg  xmlns=\"http:\/\/www.w3.org\/2000\/svg\" xmlns:xlink=\"http:\/\/www.w3.org\/1999\/xlink\" viewBox=\"0 0 9 5.23\"><polygon points=\"0.73 0 4.5 3.77 8.27 0 9 0.73 4.5 5.23 0 0.73 0.73 0\"\/><\/svg><\/span>\n\t\t<span class=\"qodef-icon--minus\"><svg  xmlns=\"http:\/\/www.w3.org\/2000\/svg\" xmlns:xlink=\"http:\/\/www.w3.org\/1999\/xlink\" viewBox=\"0 0 9 5.23\"><polygon points=\"0.73 0 4.5 3.77 8.27 0 9 0.73 4.5 5.23 0 0.73 0.73 0\"\/><\/svg><\/span>\n\t<\/span>\n<\/h5>\n<div class=\"qodef-accordion-content\">\n\t<div class=\"qodef-accordion-content-inner\">\n\t\t\t<\/div>\n<\/div>\n<h5 class=\"qodef-accordion-title\">\n\t<span class=\"qodef-tab-title\">Selante<\/span>\n\t<span class=\"qodef-accordion-mark\">\n\t\t<span class=\"qodef-icon--plus\"><svg  xmlns=\"http:\/\/www.w3.org\/2000\/svg\" xmlns:xlink=\"http:\/\/www.w3.org\/1999\/xlink\" viewBox=\"0 0 9 5.23\"><polygon points=\"0.73 0 4.5 3.77 8.27 0 9 0.73 4.5 5.23 0 0.73 0.73 0\"\/><\/svg><\/span>\n\t\t<span class=\"qodef-icon--minus\"><svg  xmlns=\"http:\/\/www.w3.org\/2000\/svg\" xmlns:xlink=\"http:\/\/www.w3.org\/1999\/xlink\" viewBox=\"0 0 9 5.23\"><polygon points=\"0.73 0 4.5 3.77 8.27 0 9 0.73 4.5 5.23 0 0.73 0.73 0\"\/><\/svg><\/span>\n\t<\/span>\n<\/h5>\n<div class=\"qodef-accordion-content\">\n\t<div class=\"qodef-accordion-content-inner\">\n\t\t<ul><li>O selante utilizado pela Chemdry\u00ae \u00e9 hidr\u00f3fugo e ole\u00f3fugo, protegendo o suporte da \u00e1gua, \u00f3leos e quaisquer subst\u00e2ncias oleosas;<\/li><li>O processo de aplica\u00e7\u00e3o \u00e9 r\u00e1pido e seguro;<\/li><li>O selante penetra por infiltra\u00e7\u00e3o, mineraliza-se com o suporte, n\u00e3o fazendo camada \u00e0 superf\u00edcie;<\/li><li>N\u00e3o altera o aspeto, cor, nem a constitui\u00e7\u00e3o final do mesmo;<\/li><li>A propriedade hidr\u00f3fuga do nosso selante permite-lhe prevenir e impedir a penetra\u00e7\u00e3o da \u00e1gua, erradicando desta forma os efeitos negativos da humidade;<\/li><li>Resiste \u00e0 polui\u00e7\u00e3o atmosf\u00e9rica e industrial;<\/li><li>\u00c9 um produto de base aquosa sendo considerado ecol\u00f3gico;<\/li><li>\u00c9 completamente invis\u00edvel depois de seco n\u00e3o alterando a textura ou a cor dos materiais.<br \/><br \/><\/li><\/ul>\t<\/div>\n<\/div>\n<h5 class=\"qodef-accordion-title\">\n\t<span class=\"qodef-tab-title\">Tratamento curativo<\/span>\n\t<span class=\"qodef-accordion-mark\">\n\t\t<span class=\"qodef-icon--plus\"><svg  xmlns=\"http:\/\/www.w3.org\/2000\/svg\" xmlns:xlink=\"http:\/\/www.w3.org\/1999\/xlink\" viewBox=\"0 0 9 5.23\"><polygon points=\"0.73 0 4.5 3.77 8.27 0 9 0.73 4.5 5.23 0 0.73 0.73 0\"\/><\/svg><\/span>\n\t\t<span class=\"qodef-icon--minus\"><svg  xmlns=\"http:\/\/www.w3.org\/2000\/svg\" xmlns:xlink=\"http:\/\/www.w3.org\/1999\/xlink\" viewBox=\"0 0 9 5.23\"><polygon points=\"0.73 0 4.5 3.77 8.27 0 9 0.73 4.5 5.23 0 0.73 0.73 0\"\/><\/svg><\/span>\n\t<\/span>\n<\/h5>\n<div class=\"qodef-accordion-content\">\n\t<div class=\"qodef-accordion-content-inner\">\n\t\t<p>Este tratamento \u00e9 recomendado para tratar paredes, tetos, varandas, fontes, bacias, monumentos, esculturas, muros, lajes de jardim, embarcadoiros, cascos de barcos, campos de t\u00e9nis, estores em vime, etc.<br \/><br \/><\/p><p>Os materiais ativos s\u00e3o fixados na superf\u00edcie, impedindo a germina\u00e7\u00e3o dos parasitas vegetais, perdurando os seus efeitos durante 2 a 5 anos ap\u00f3s a aplica\u00e7\u00e3o. O seu poder curativo, destr\u00f3i toda a vegeta\u00e7\u00e3o parasit\u00e1ria, n\u00e3o altera o aspeto da superf\u00edcie e n\u00e3o amarelece.<br \/><br \/><\/p><p>As am\u00f3nias quatern\u00e1rias s\u00e3o compostos halog\u00e9neos. Dissolvidos em \u00e1gua, impedem o crescimento das plantas, das ramifica\u00e7\u00f5es, dos bri\u00f3fitos e das tal\u00f3fitas. Morrem assim por asfixia.<br \/><br \/><\/p><p><strong><span style=\"color: #94529c;\">Destr\u00f3i e inibe as algas, os musgos, os cogumelos e os l\u00edquenes dos seguintes suportes:<br \/><br \/><\/span><\/strong><\/p><ul><li>Telhas;<\/li><li>Ard\u00f3sias;<\/li><li>Tijolos;<\/li><li>Bet\u00e3o;<\/li><li>Pedras;<\/li><li>Madeiras;<\/li><li>Materiais comp\u00f3sitos;<\/li><li>Tecidos, etc.<\/li><\/ul><p><strong><span style=\"color: #94529c;\"><br \/>Caracter\u00edsticas do produto:<br \/><br \/><\/span><\/strong><\/p><ul><li>Tratamento curativo e preventivo;<\/li><li>N\u00e3o t\u00f3xico;<\/li><li>Sem nonilfenol;<\/li><li>Sem cloro e sem solventes;<\/li><li>Efeito de longa dura\u00e7\u00e3o;<\/li><li>Odor de erva-cidreira;<\/li><li>O produto \u00e9 bio degrad\u00e1vel em valores superiores a 90%.<\/li><\/ul>\t<\/div>\n<\/div>\n<\/div>\n\t\t<\/div>\r\n\t\t\t\t<\/div>\r\n\t\t\t\t<div class=\"elementor-element elementor-element-c16d22b elementor-widget__width-inherit elementor-widget-tablet__width-inherit elementor-widget-mobile__width-inherit elementor-widget elementor-widget-allsmiles_core_button\" data-id=\"c16d22b\" data-element_type=\"widget\" data-widget_type=\"allsmiles_core_button.default\">\r\n\t\t\t\t<div class=\"elementor-widget-container\">\r\n\t\t\t<a class=\"qodef-shortcode qodef-m  qodef-button qodef-layout--textual   qodef-html--link \" href=\"https:\/\/www.staging.chemdryalgarve.com\/pedir-orcamento\/\" target=\"_self\"  >\n\t<span class=\"qodef-m-text\">Pe\u00e7a um or\u00e7amento<\/span>\n\t<svg  xmlns=\"http:\/\/www.w3.org\/2000\/svg\" xmlns:xlink=\"http:\/\/www.w3.org\/1999\/xlink\" viewBox=\"0 0 38.3 38.3\" class=\"qodef-decoration\"><path d=\"M1.1,19.1c0,9.9,8.1,18,18,18s18-8.1,18-18s-8.1-18-18-18S1.1,9.2,1.1,19.1L1.1,19.1z\"\/><path class=\"round\" d=\"M1.1,19.1c0,9.9,8.1,18,18,18s18-8.1,18-18s-8.1-18-18-18S1.1,9.2,1.1,19.1L1.1,19.1z\"\/><polyline points=\"16.4,24.6 21.9,19.1 16.4,13.7\"\/><\/svg><\/a>\n\t\t<\/div>\r\n\t\t\t\t<\/div>\r\n\t\t\t\t<div class=\"elementor-element elementor-element-d059d7b elementor-widget__width-auto elementor-widget-tablet__width-auto elementor-widget-mobile__width-auto elementor-widget elementor-widget-allsmiles_core_button\" data-id=\"d059d7b\" data-element_type=\"widget\" data-widget_type=\"allsmiles_core_button.default\">\r\n\t\t\t\t<div class=\"elementor-widget-container\">\r\n\t\t\t<a class=\"qodef-shortcode qodef-m  qodef-button qodef-layout--filled   qodef-html--link qodef-direction-animation\" href=\"https:\/\/www.staging.chemdryalgarve.com\/outros-servicos\/\" target=\"_self\" data-hover-background-color=\"#2D81CC\" >\n\t<span class=\"qodef-m-text\">Voltar<\/span>\n\t\t\t<span class=\"qodef-btn-background-holder\">\n\t        <span class=\"qodef-btn-background\"><\/span>\n\t    <\/span>\n\t<\/a>\n\t\t<\/div>\r\n\t\t\t\t<\/div>\r\n\t\t\t\t\t<\/div>\r\n\t\t<\/div>\r\n\t\t\t\t<div class=\"elementor-column elementor-col-50 elementor-top-column elementor-element elementor-element-b251cd6\" data-id=\"b251cd6\" data-element_type=\"column\">\r\n\t\t\t<div class=\"elementor-widget-wrap elementor-element-populated\">\r\n\t\t\t\t\t\t\t\t<div class=\"elementor-element elementor-element-c42b44c intro_gallery elementor-widget elementor-widget-allsmiles_core_image_gallery\" data-id=\"c42b44c\" data-element_type=\"widget\" data-widget_type=\"allsmiles_core_image_gallery.default\">\r\n\t\t\t\t<div class=\"elementor-widget-container\">\r\n\t\t\t<div class=\"qodef-shortcode qodef-m custom_slider_gallery qodef-image-gallery  qodef-grid qodef-swiper-container  qodef-gutter--normal qodef-col-num--1  qodef-slider-pagination-placement--outside qodef--outside-center qodef-responsive--custom qodef-col-num--1440--1 qodef-col-num--1366--1 qodef-col-num--1024--1 qodef-col-num--768--1 qodef-col-num--680--1 qodef-col-num--480--1\" data-options=\"{&quot;slidesPerView&quot;:&quot;1&quot;,&quot;spaceBetween&quot;:30,&quot;loop&quot;:true,&quot;autoplay&quot;:true,&quot;speed&quot;:&quot;6000&quot;,&quot;speedAnimation&quot;:&quot;&quot;,&quot;customStages&quot;:true,&quot;slidesPerView1440&quot;:&quot;1&quot;,&quot;slidesPerView1366&quot;:&quot;1&quot;,&quot;slidesPerView1024&quot;:&quot;1&quot;,&quot;slidesPerView768&quot;:&quot;1&quot;,&quot;slidesPerView680&quot;:&quot;1&quot;,&quot;slidesPerView480&quot;:&quot;1&quot;}\">\n\t<div class=\"swiper-wrapper\">\n\t\t<div class=\"qodef-e qodef-image-wrapper swiper-slide\">\n\t<div class=\"qodef-image-inner-holder\" style=\"border: 1px solid #e5edf3;border-radius: 5px;overflow: hidden\">\n\t\t\t\t\t<img loading=\"lazy\" decoding=\"async\" width=\"2560\" height=\"1707\" src=\"https:\/\/www.staging.chemdryalgarve.com\/wp-content\/uploads\/2023\/03\/pexels-joao-jesus-925684-scaled.jpg\" class=\"attachment-full size-full\" alt=\"\" srcset=\"https:\/\/www.staging.chemdryalgarve.com\/wp-content\/uploads\/2023\/03\/pexels-joao-jesus-925684-scaled.jpg 2560w, https:\/\/www.staging.chemdryalgarve.com\/wp-content\/uploads\/2023\/03\/pexels-joao-jesus-925684-300x200.jpg 300w, https:\/\/www.staging.chemdryalgarve.com\/wp-content\/uploads\/2023\/03\/pexels-joao-jesus-925684-1024x683.jpg 1024w, https:\/\/www.staging.chemdryalgarve.com\/wp-content\/uploads\/2023\/03\/pexels-joao-jesus-925684-768x512.jpg 768w, https:\/\/www.staging.chemdryalgarve.com\/wp-content\/uploads\/2023\/03\/pexels-joao-jesus-925684-1536x1024.jpg 1536w, https:\/\/www.staging.chemdryalgarve.com\/wp-content\/uploads\/2023\/03\/pexels-joao-jesus-925684-2048x1365.jpg 2048w, https:\/\/www.staging.chemdryalgarve.com\/wp-content\/uploads\/2023\/03\/pexels-joao-jesus-925684-18x12.jpg 18w\" sizes=\"auto, (max-width: 2560px) 100vw, 2560px\" \/>\t\t\t<\/div>\n<\/div>\n<div class=\"qodef-e qodef-image-wrapper swiper-slide\">\n\t<div class=\"qodef-image-inner-holder\" style=\"border: 1px solid #e5edf3;border-radius: 5px;overflow: hidden\">\n\t\t\t\t\t<img loading=\"lazy\" decoding=\"async\" width=\"1024\" height=\"652\" src=\"https:\/\/www.staging.chemdryalgarve.com\/wp-content\/uploads\/2023\/03\/roof_01.jpg\" class=\"attachment-full size-full\" alt=\"\" srcset=\"https:\/\/www.staging.chemdryalgarve.com\/wp-content\/uploads\/2023\/03\/roof_01.jpg 1024w, https:\/\/www.staging.chemdryalgarve.com\/wp-content\/uploads\/2023\/03\/roof_01-300x191.jpg 300w, https:\/\/www.staging.chemdryalgarve.com\/wp-content\/uploads\/2023\/03\/roof_01-768x489.jpg 768w, https:\/\/www.staging.chemdryalgarve.com\/wp-content\/uploads\/2023\/03\/roof_01-18x12.jpg 18w\" sizes=\"auto, (max-width: 1024px) 100vw, 1024px\" \/>\t\t\t<\/div>\n<\/div>\n\t<\/div>\n\t\t\t<div class=\"swiper-pagination\"><\/div>\n<\/div>\n\t\t<\/div>\r\n\t\t\t\t<\/div>\r\n\t\t\t\t\t<\/div>\r\n\t\t<\/div>\r\n\t\t\t\t\t\t\t<\/div>\r\n\t\t<\/section>\r\n\t\t\t\t<section class=\"elementor-section elementor-top-section elementor-element elementor-element-fa89f53 qodef-elementor-content-grid elementor-section-boxed elementor-section-height-default elementor-section-height-default\" data-id=\"fa89f53\" data-element_type=\"section\" data-settings=\"{&quot;background_background&quot;:&quot;classic&quot;}\">\r\n\t\t\t\t\t\t<div class=\"elementor-container elementor-column-gap-no\">\r\n\t\t\t\t\t<div class=\"elementor-column elementor-col-100 elementor-top-column elementor-element elementor-element-7bb1d9e\" data-id=\"7bb1d9e\" data-element_type=\"column\">\r\n\t\t\t<div class=\"elementor-widget-wrap elementor-element-populated\">\r\n\t\t\t\t\t\t\t\t<div class=\"elementor-element elementor-element-ebc8c30 elementor-widget elementor-widget-allsmiles_core_call_to_action\" data-id=\"ebc8c30\" data-element_type=\"widget\" data-widget_type=\"allsmiles_core_call_to_action.default\">\r\n\t\t\t\t<div class=\"elementor-widget-container\">\r\n\t\t\t<div class=\"qodef-shortcode qodef-m  qodef-call-to-action qodef-layout--standard qodef-style--stretched\">\n\t<div class=\"qodef-m-inner\">\n\t\t\t<div class=\"qodef-m-content\"><h4 style=\"color: #58affc; font-size: 28px; line-height: 36px;\">Limpeza e Tratamentos de t\u00eaxteis e de pavimentos - Or\u00e7amentos Gratuitos<\/h4><h6 class=\"qodef-cta-aditional\" style=\"color: #76797e; margin-top: -9px;\">Deslocamo-nos at\u00e9 si e explicamos o nosso processo de trabalho, para que possa tomar uma decis\u00e3o.<\/h6><\/div>\n\t\t\t<div class=\"qodef-m-button\">\n\t\t<a class=\"qodef-shortcode qodef-m  qodef-button qodef-layout--filled   qodef-html--link qodef-direction-animation\" href=\"https:\/\/www.staging.chemdryalgarve.com\/pedir-orcamento\/\" target=\"_self\" data-hover-color=\"#FFFFFF\" data-hover-background-color=\"#77407D\" style=\"color: #FFFFFF;background-color: #94529C\">\t<span class=\"qodef-m-text\">Pe\u00e7a um or\u00e7amento<\/span>\t\t\t<span class=\"qodef-btn-background-holder\">\t        <span class=\"qodef-btn-background\"><\/span>\t    <\/span>\t<\/a>\t<\/div>\n\t<\/div>\n<\/div>\n\t\t<\/div>\r\n\t\t\t\t<\/div>\r\n\t\t\t\t\t<\/div>\r\n\t\t<\/div>\r\n\t\t\t\t\t\t\t<\/div>\r\n\t\t<\/section>\r\n\t\t\t\t\t\t\t<\/div>\r\n\t\t","protected":false},"excerpt":{"rendered":"<p>Servi\u00e7os especializados. Limpeza de Telhados Disponibilizamos aos nossos clientes um servi\u00e7o de limpeza de telhados garantindo a destrui\u00e7\u00e3o radical dos musgos, l\u00edquenes, algas e cogumelos. Ap\u00f3s a limpeza os suportes ficam prontos para receber o tratamento, que pode ser, consoante a necessidade e op\u00e7\u00e3o de cada cliente, a aplica\u00e7\u00e3o de selante ou o tratamento curativo. [&hellip;]<\/p>\n","protected":false},"author":2,"featured_media":15112,"parent":15490,"menu_order":2,"comment_status":"closed","ping_status":"closed","template":"page-full-width.php","meta":{"footnotes":""},"class_list":["post-15574","page","type-page","status-publish","has-post-thumbnail","hentry"],"acf":[],"yoast_head":"<!-- This site is optimized with the Yoast SEO Premium plugin v19.7 (Yoast SEO v19.14) - https:\/\/yoast.com\/wordpress\/plugins\/seo\/ -->\n<title>Limpeza de telhados - Chemdry Algarve<\/title>\n<meta name=\"description\" content=\"Disponibilizamos um servi\u00e7o de limpeza de telhados garantindo a destrui\u00e7\u00e3o radical dos musgos, l\u00edquenes, algas, fungos, entre outros. Or\u00e7amentos gr\u00e1tis.\" \/>\n<meta name=\"robots\" content=\"noindex, follow, max-snippet:-1, max-image-preview:large, max-video-preview:-1\" \/>\n<meta property=\"og:locale\" content=\"pt_PT\" \/>\n<meta property=\"og:type\" content=\"article\" \/>\n<meta property=\"og:title\" content=\"Limpeza de Telhados\" \/>\n<meta property=\"og:description\" content=\"Disponibilizamos um servi\u00e7o de limpeza de telhados garantindo a destrui\u00e7\u00e3o radical dos musgos, l\u00edquenes, algas, fungos, entre outros. Or\u00e7amentos gr\u00e1tis.\" \/>\n<meta property=\"og:url\" content=\"https:\/\/www.staging.chemdryalgarve.com\/pt\/outros-servicos\/limpeza-de-telhados\/\" \/>\n<meta property=\"og:site_name\" content=\"Chemdry\" \/>\n<meta property=\"article:modified_time\" content=\"2023-03-06T17:45:36+00:00\" \/>\n<meta property=\"og:image\" content=\"https:\/\/www.staging.chemdryalgarve.com\/wp-content\/uploads\/2023\/01\/Logo_USA_thumbnail.png\" \/>\n\t<meta property=\"og:image:width\" content=\"350\" \/>\n\t<meta property=\"og:image:height\" content=\"300\" \/>\n\t<meta property=\"og:image:type\" content=\"image\/png\" \/>\n<meta name=\"twitter:card\" content=\"summary_large_image\" \/>\n<meta name=\"twitter:label1\" content=\"Tempo estimado de leitura\" \/>\n\t<meta name=\"twitter:data1\" content=\"3 minutos\" \/>\n<script type=\"application\/ld+json\" class=\"yoast-schema-graph\">{\"@context\":\"https:\/\/schema.org\",\"@graph\":[{\"@type\":\"WebPage\",\"@id\":\"https:\/\/www.staging.chemdryalgarve.com\/outros-servicos\/limpeza-de-telhados\/\",\"url\":\"https:\/\/www.staging.chemdryalgarve.com\/outros-servicos\/limpeza-de-telhados\/\",\"name\":\"Limpeza de telhados - Chemdry Algarve\",\"isPartOf\":{\"@id\":\"https:\/\/www.staging.chemdryalgarve.com\/#website\"},\"datePublished\":\"2023-01-17T20:26:53+00:00\",\"dateModified\":\"2023-03-06T17:45:36+00:00\",\"description\":\"Disponibilizamos um servi\u00e7o de limpeza de telhados garantindo a destrui\u00e7\u00e3o radical dos musgos, l\u00edquenes, algas, fungos, entre outros. Or\u00e7amentos gr\u00e1tis.\",\"breadcrumb\":{\"@id\":\"https:\/\/www.staging.chemdryalgarve.com\/outros-servicos\/limpeza-de-telhados\/#breadcrumb\"},\"inLanguage\":\"pt-PT\",\"potentialAction\":[{\"@type\":\"ReadAction\",\"target\":[\"https:\/\/www.staging.chemdryalgarve.com\/outros-servicos\/limpeza-de-telhados\/\"]}]},{\"@type\":\"BreadcrumbList\",\"@id\":\"https:\/\/www.staging.chemdryalgarve.com\/outros-servicos\/limpeza-de-telhados\/#breadcrumb\",\"itemListElement\":[{\"@type\":\"ListItem\",\"position\":1,\"name\":\"Home\",\"item\":\"https:\/\/www.staging.chemdryalgarve.com\/\"},{\"@type\":\"ListItem\",\"position\":2,\"name\":\"Outros Servi\u00e7os\",\"item\":\"https:\/\/www.staging.chemdryalgarve.com\/outros-servicos\/\"},{\"@type\":\"ListItem\",\"position\":3,\"name\":\"Limpeza de Telhados\"}]},{\"@type\":\"WebSite\",\"@id\":\"https:\/\/www.staging.chemdryalgarve.com\/#website\",\"url\":\"https:\/\/www.staging.chemdryalgarve.com\/\",\"name\":\"Chemdry\",\"description\":\"Limpeza e Tratamentos de t\u00eaxteis e de pavimentos\",\"publisher\":{\"@id\":\"https:\/\/www.staging.chemdryalgarve.com\/#organization\"},\"potentialAction\":[{\"@type\":\"SearchAction\",\"target\":{\"@type\":\"EntryPoint\",\"urlTemplate\":\"https:\/\/www.staging.chemdryalgarve.com\/?s={search_term_string}\"},\"query-input\":\"required name=search_term_string\"}],\"inLanguage\":\"pt-PT\"},{\"@type\":\"Organization\",\"@id\":\"https:\/\/www.staging.chemdryalgarve.com\/#organization\",\"name\":\"Chemdry\",\"url\":\"https:\/\/www.staging.chemdryalgarve.com\/\",\"logo\":{\"@type\":\"ImageObject\",\"inLanguage\":\"pt-PT\",\"@id\":\"https:\/\/www.staging.chemdryalgarve.com\/#\/schema\/logo\/image\/\",\"url\":\"https:\/\/www.staging.chemdryalgarve.com\/wp-content\/uploads\/2025\/01\/cropped-ChemDry-by.png\",\"contentUrl\":\"https:\/\/www.staging.chemdryalgarve.com\/wp-content\/uploads\/2025\/01\/cropped-ChemDry-by.png\",\"width\":300,\"height\":100,\"caption\":\"Chemdry\"},\"image\":{\"@id\":\"https:\/\/www.staging.chemdryalgarve.com\/#\/schema\/logo\/image\/\"}}]}<\/script>\n<!-- \/ Yoast SEO Premium plugin. -->","yoast_head_json":{"title":"Limpeza de telhados - Chemdry Algarve","description":"Disponibilizamos um servi\u00e7o de limpeza de telhados garantindo a destrui\u00e7\u00e3o radical dos musgos, l\u00edquenes, algas, fungos, entre outros. Or\u00e7amentos gr\u00e1tis.","robots":{"index":"noindex","follow":"follow","max-snippet":"max-snippet:-1","max-image-preview":"max-image-preview:large","max-video-preview":"max-video-preview:-1"},"og_locale":"pt_PT","og_type":"article","og_title":"Limpeza de Telhados","og_description":"Disponibilizamos um servi\u00e7o de limpeza de telhados garantindo a destrui\u00e7\u00e3o radical dos musgos, l\u00edquenes, algas, fungos, entre outros. Or\u00e7amentos gr\u00e1tis.","og_url":"https:\/\/www.staging.chemdryalgarve.com\/pt\/outros-servicos\/limpeza-de-telhados\/","og_site_name":"Chemdry","article_modified_time":"2023-03-06T17:45:36+00:00","og_image":[{"width":350,"height":300,"url":"https:\/\/www.staging.chemdryalgarve.com\/wp-content\/uploads\/2023\/01\/Logo_USA_thumbnail.png","type":"image\/png"}],"twitter_card":"summary_large_image","twitter_misc":{"Tempo estimado de leitura":"3 minutos"},"schema":{"@context":"https:\/\/schema.org","@graph":[{"@type":"WebPage","@id":"https:\/\/www.staging.chemdryalgarve.com\/outros-servicos\/limpeza-de-telhados\/","url":"https:\/\/www.staging.chemdryalgarve.com\/outros-servicos\/limpeza-de-telhados\/","name":"Limpeza de telhados - Chemdry Algarve","isPartOf":{"@id":"https:\/\/www.staging.chemdryalgarve.com\/#website"},"datePublished":"2023-01-17T20:26:53+00:00","dateModified":"2023-03-06T17:45:36+00:00","description":"Disponibilizamos um servi\u00e7o de limpeza de telhados garantindo a destrui\u00e7\u00e3o radical dos musgos, l\u00edquenes, algas, fungos, entre outros. Or\u00e7amentos gr\u00e1tis.","breadcrumb":{"@id":"https:\/\/www.staging.chemdryalgarve.com\/outros-servicos\/limpeza-de-telhados\/#breadcrumb"},"inLanguage":"pt-PT","potentialAction":[{"@type":"ReadAction","target":["https:\/\/www.staging.chemdryalgarve.com\/outros-servicos\/limpeza-de-telhados\/"]}]},{"@type":"BreadcrumbList","@id":"https:\/\/www.staging.chemdryalgarve.com\/outros-servicos\/limpeza-de-telhados\/#breadcrumb","itemListElement":[{"@type":"ListItem","position":1,"name":"Home","item":"https:\/\/www.staging.chemdryalgarve.com\/"},{"@type":"ListItem","position":2,"name":"Outros Servi\u00e7os","item":"https:\/\/www.staging.chemdryalgarve.com\/outros-servicos\/"},{"@type":"ListItem","position":3,"name":"Limpeza de Telhados"}]},{"@type":"WebSite","@id":"https:\/\/www.staging.chemdryalgarve.com\/#website","url":"https:\/\/www.staging.chemdryalgarve.com\/","name":"Chemdry","description":"Limpeza e Tratamentos de t\u00eaxteis e de pavimentos","publisher":{"@id":"https:\/\/www.staging.chemdryalgarve.com\/#organization"},"potentialAction":[{"@type":"SearchAction","target":{"@type":"EntryPoint","urlTemplate":"https:\/\/www.staging.chemdryalgarve.com\/?s={search_term_string}"},"query-input":"required name=search_term_string"}],"inLanguage":"pt-PT"},{"@type":"Organization","@id":"https:\/\/www.staging.chemdryalgarve.com\/#organization","name":"Chemdry","url":"https:\/\/www.staging.chemdryalgarve.com\/","logo":{"@type":"ImageObject","inLanguage":"pt-PT","@id":"https:\/\/www.staging.chemdryalgarve.com\/#\/schema\/logo\/image\/","url":"https:\/\/www.staging.chemdryalgarve.com\/wp-content\/uploads\/2025\/01\/cropped-ChemDry-by.png","contentUrl":"https:\/\/www.staging.chemdryalgarve.com\/wp-content\/uploads\/2025\/01\/cropped-ChemDry-by.png","width":300,"height":100,"caption":"Chemdry"},"image":{"@id":"https:\/\/www.staging.chemdryalgarve.com\/#\/schema\/logo\/image\/"}}]}},"_links":{"self":[{"href":"https:\/\/www.staging.chemdryalgarve.com\/pt\/wp-json\/wp\/v2\/pages\/15574","targetHints":{"allow":["GET"]}}],"collection":[{"href":"https:\/\/www.staging.chemdryalgarve.com\/pt\/wp-json\/wp\/v2\/pages"}],"about":[{"href":"https:\/\/www.staging.chemdryalgarve.com\/pt\/wp-json\/wp\/v2\/types\/page"}],"author":[{"embeddable":true,"href":"https:\/\/www.staging.chemdryalgarve.com\/pt\/wp-json\/wp\/v2\/users\/2"}],"replies":[{"embeddable":true,"href":"https:\/\/www.staging.chemdryalgarve.com\/pt\/wp-json\/wp\/v2\/comments?post=15574"}],"version-history":[{"count":41,"href":"https:\/\/www.staging.chemdryalgarve.com\/pt\/wp-json\/wp\/v2\/pages\/15574\/revisions"}],"predecessor-version":[{"id":17525,"href":"https:\/\/www.staging.chemdryalgarve.com\/pt\/wp-json\/wp\/v2\/pages\/15574\/revisions\/17525"}],"up":[{"embeddable":true,"href":"https:\/\/www.staging.chemdryalgarve.com\/pt\/wp-json\/wp\/v2\/pages\/15490"}],"wp:featuredmedia":[{"embeddable":true,"href":"https:\/\/www.staging.chemdryalgarve.com\/pt\/wp-json\/wp\/v2\/media\/15112"}],"wp:attachment":[{"href":"https:\/\/www.staging.chemdryalgarve.com\/pt\/wp-json\/wp\/v2\/media?parent=15574"}],"curies":[{"name":"wp","href":"https:\/\/api.w.org\/{rel}","templated":true}]}}