{"id":15770,"date":"2023-01-18T23:27:42","date_gmt":"2023-01-18T23:27:42","guid":{"rendered":"https:\/\/www.chemdryalgarve.com\/?page_id=15770"},"modified":"2023-03-01T12:55:36","modified_gmt":"2023-03-01T12:55:36","slug":"pedir-orcamento","status":"publish","type":"page","link":"https:\/\/www.staging.chemdryalgarve.com\/pt\/pedir-orcamento\/","title":{"rendered":"Pedir Or\u00e7amento"},"content":{"rendered":"\t\t<div data-elementor-type=\"wp-page\" data-elementor-id=\"15770\" class=\"elementor elementor-15770\">\r\n\t\t\t\t\t\t\t\t\t<section class=\"elementor-section elementor-top-section elementor-element elementor-element-71d63f0 qodef-elementor-content-grid elementor-section-boxed elementor-section-height-default elementor-section-height-default\" data-id=\"71d63f0\" data-element_type=\"section\">\r\n\t\t\t\t\t\t<div class=\"elementor-container elementor-column-gap-no\">\r\n\t\t\t\t\t<div class=\"elementor-column elementor-col-50 elementor-top-column elementor-element elementor-element-064c71c\" data-id=\"064c71c\" data-element_type=\"column\">\r\n\t\t\t<div class=\"elementor-widget-wrap elementor-element-populated\">\r\n\t\t\t\t\t\t\t\t<div class=\"elementor-element elementor-element-18e6674 elementor-widget-mobile__width-inherit elementor-widget__width-initial elementor-widget-tablet__width-initial elementor-widget elementor-widget-allsmiles_core_section_title\" data-id=\"18e6674\" data-element_type=\"widget\" data-widget_type=\"allsmiles_core_section_title.default\">\r\n\t\t\t\t<div class=\"elementor-widget-container\">\r\n\t\t\t<div class=\"qodef-shortcode qodef-m  qodef-section-title qodef-alignment--left \">\n\t\t<h5 class=\"qodef-m-subtitle\" style=\"margin-bottom: 20px\">\n\t\tLimpeza e Tratamentos de t\u00eaxteis e de pavimentos \u2014 Or\u00e7amentos Gratuitos.\t<\/h5>\n\t\t<h1 class=\"qodef-m-title\" >\n\t\t\t\t\tPe\u00e7a um Or\u00e7amento\t\t\t<\/h1>\n\t<\/div>\n\t\t<\/div>\r\n\t\t\t\t<\/div>\r\n\t\t\t\t<div class=\"elementor-element elementor-element-edfe875 custom_bullets elementor-widget__width-initial elementor-widget-tablet__width-initial elementor-widget-mobile__width-inherit elementor-widget elementor-widget-text-editor\" data-id=\"edfe875\" data-element_type=\"widget\" data-widget_type=\"text-editor.default\">\r\n\t\t\t\t<div class=\"elementor-widget-container\">\r\n\t\t\t<style>\/*! elementor - v3.10.2 - 29-01-2023 *\/\r\n.elementor-widget-text-editor.elementor-drop-cap-view-stacked .elementor-drop-cap{background-color:#818a91;color:#fff}.elementor-widget-text-editor.elementor-drop-cap-view-framed .elementor-drop-cap{color:#818a91;border:3px solid;background-color:transparent}.elementor-widget-text-editor:not(.elementor-drop-cap-view-default) .elementor-drop-cap{margin-top:8px}.elementor-widget-text-editor:not(.elementor-drop-cap-view-default) .elementor-drop-cap-letter{width:1em;height:1em}.elementor-widget-text-editor .elementor-drop-cap{float:left;text-align:center;line-height:1;font-size:50px}.elementor-widget-text-editor .elementor-drop-cap-letter{display:inline-block}<\/style>\t\t\t\t<p>O resultado do nosso trabalho e a consequente satisfa\u00e7\u00e3o dos nossos clientes \u00e9 a nossa maior realiza\u00e7\u00e3o.<\/p>\t\t\t\t\t\t<\/div>\r\n\t\t\t\t<\/div>\r\n\t\t\t\t<div class=\"elementor-element elementor-element-7475d6b elementor-widget__width-initial elementor-widget-tablet__width-initial elementor-widget-mobile__width-inherit elementor-widget elementor-widget-wp-widget-allsmiles_core_contact_form_7\" data-id=\"7475d6b\" data-element_type=\"widget\" data-widget_type=\"wp-widget-allsmiles_core_contact_form_7.default\">\r\n\t\t\t\t<div class=\"elementor-widget-container\">\r\n\t\t\t\t\t\t<div class=\"qodef-contact-form-7\">\n\t\t\t\t<div role=\"form\" class=\"wpcf7\" id=\"wpcf7-f15769-o1\" lang=\"en-US\" dir=\"ltr\">\n<div class=\"screen-reader-response\"><p role=\"status\" aria-live=\"polite\" aria-atomic=\"true\"><\/p> <ul><\/ul><\/div>\n<form action=\"\/pt\/wp-json\/wp\/v2\/pages\/15770#wpcf7-f15769-o1\" method=\"post\" class=\"wpcf7-form init\" novalidate=\"novalidate\" data-status=\"init\">\n<div style=\"display: none;\">\n<input type=\"hidden\" name=\"_wpcf7\" value=\"15769\" \/>\n<input type=\"hidden\" name=\"_wpcf7_version\" value=\"5.5.6.1\" \/>\n<input type=\"hidden\" name=\"_wpcf7_locale\" value=\"en_US\" \/>\n<input type=\"hidden\" name=\"_wpcf7_unit_tag\" value=\"wpcf7-f15769-o1\" \/>\n<input type=\"hidden\" name=\"_wpcf7_container_post\" value=\"0\" \/>\n<input type=\"hidden\" name=\"_wpcf7_posted_data_hash\" value=\"\" \/>\n<input type=\"hidden\" name=\"_wpcf7_recaptcha_response\" value=\"\" \/>\n<\/div>\n<div class=\"qodef-contact-form\">\n<div class=\"qodef-grid qodef-layout--columns qodef-gutter--small qodef-col-num--2\">\n<div class=\"qodef-grid-inner\">\n<div class=\"qodef-grid-item\">\n<span class=\"wpcf7-form-control-wrap your-name\"><input type=\"text\" name=\"your-name\" value=\"\" size=\"40\" class=\"wpcf7-form-control wpcf7-text wpcf7-validates-as-required\" aria-required=\"true\" aria-invalid=\"false\" placeholder=\"Nome*\" \/><\/span>\n<\/div>\n<div class=\"qodef-grid-item\">\n<span class=\"wpcf7-form-control-wrap your-email\"><input type=\"email\" name=\"your-email\" value=\"\" size=\"40\" class=\"wpcf7-form-control wpcf7-text wpcf7-email wpcf7-validates-as-required wpcf7-validates-as-email\" aria-required=\"true\" aria-invalid=\"false\" placeholder=\"E-mail*\" \/><\/span>\n<\/div>\n<\/div>\n<\/div>\n<div class=\"qodef-grid qodef-layout--columns qodef-gutter--small qodef-col-num--2\">\n<div class=\"qodef-grid-inner\">\n<div class=\"qodef-grid-item\">\n<span class=\"wpcf7-form-control-wrap your-phone\"><input type=\"tel\" name=\"your-phone\" value=\"\" size=\"40\" class=\"wpcf7-form-control wpcf7-text wpcf7-tel wpcf7-validates-as-required wpcf7-validates-as-tel\" aria-required=\"true\" aria-invalid=\"false\" placeholder=\"Telefone*\" \/><\/span>\n<\/div>\n<div class=\"qodef-grid-item\">\n<span class=\"wpcf7-form-control-wrap your-location\"><input type=\"text\" name=\"your-location\" value=\"\" size=\"40\" class=\"wpcf7-form-control wpcf7-text wpcf7-validates-as-required\" aria-required=\"true\" aria-invalid=\"false\" placeholder=\"Localidade*\" \/><\/span>\n<\/div>\n<\/div>\n<\/div>\n<div class=\"qodef-grid-inner\"><span class=\"wpcf7-form-control-wrap your-message\"><textarea name=\"your-message\" cols=\"10\" rows=\"3\" class=\"wpcf7-form-control wpcf7-textarea\" aria-invalid=\"false\" placeholder=\"Mensagem...\"><\/textarea><\/span><\/div>\n<div style=\"margin-top: 20px\">\n<\/div>\n<div class=\"qodef-grid-inner\"><span class=\"wpcf7-form-control-wrap terms-and-conditions\"><span class=\"wpcf7-form-control wpcf7-checkbox wpcf7-validates-as-required\"><span class=\"wpcf7-list-item first last\"><input type=\"checkbox\" name=\"terms-and-conditions[]\" value=\"\" \/><span class=\"wpcf7-list-item-label\"><\/span><\/span><\/span><\/span><label style=\"padding-left: 5px; display: inline; color: #797A7E;\">Li e aceito os <a href=\"https:\/\/www.staging.chemdryalgarve.com\/politica-de-privacidade\/\" title=\"Termos & Condi\u00e7\u00f5es - Pol\u00edtica de Privacidade\" target=\"_blank\" rel=\"follow\">Termos & Condi\u00e7\u00f5es - Pol\u00edtica de Privacidade.<\/a><\/label><\/div>\n<div style=\"margin-top: 30px;\">\n<\/div>\n<p><button type=\"submit\" class=\"wpcf7-form-control wpcf7-submit qodef-button qodef-size--normal qodef-type--filled qodef-m qodef-direction-animation\"><span class=\"qodef-m-text\">Pedir Or\u00e7amento<\/span><span class=\"qodef-btn-background-holder\"><span class=\"qodef-btn-background\"><\/span><\/span><\/button>\n<\/p><\/div>\n<div class=\"wpcf7-response-output\" aria-hidden=\"true\"><\/div><\/form><\/div>\t\t\t<\/div>\n\t\t\t\t\t<\/div>\r\n\t\t\t\t<\/div>\r\n\t\t\t\t\t<\/div>\r\n\t\t<\/div>\r\n\t\t\t\t<div class=\"elementor-column elementor-col-50 elementor-top-column elementor-element elementor-element-2276b56\" data-id=\"2276b56\" data-element_type=\"column\">\r\n\t\t\t<div class=\"elementor-widget-wrap elementor-element-populated\">\r\n\t\t\t\t\t\t\t\t<div class=\"elementor-element elementor-element-336d5c2 elementor-widget elementor-widget-image\" data-id=\"336d5c2\" data-element_type=\"widget\" data-widget_type=\"image.default\">\r\n\t\t\t\t<div class=\"elementor-widget-container\">\r\n\t\t\t<style>\/*! elementor - v3.10.2 - 29-01-2023 *\/\r\n.elementor-widget-image{text-align:center}.elementor-widget-image a{display:inline-block}.elementor-widget-image a img[src$=\".svg\"]{width:48px}.elementor-widget-image img{vertical-align:middle;display:inline-block}<\/style>\t\t\t\t\t\t\t\t\t\t\t\t<img loading=\"lazy\" decoding=\"async\" width=\"525\" height=\"652\" src=\"https:\/\/www.staging.chemdryalgarve.com\/wp-content\/uploads\/2023\/01\/quote_v1.jpg\" class=\"attachment-large size-large wp-image-15778\" alt=\"\" srcset=\"https:\/\/www.staging.chemdryalgarve.com\/wp-content\/uploads\/2023\/01\/quote_v1.jpg 525w, https:\/\/www.staging.chemdryalgarve.com\/wp-content\/uploads\/2023\/01\/quote_v1-242x300.jpg 242w\" sizes=\"auto, (max-width: 525px) 100vw, 525px\" \/>\t\t\t\t\t\t\t\t\t\t\t\t\t\t\t<\/div>\r\n\t\t\t\t<\/div>\r\n\t\t\t\t\t<\/div>\r\n\t\t<\/div>\r\n\t\t\t\t\t\t\t<\/div>\r\n\t\t<\/section>\r\n\t\t\t\t<section class=\"elementor-section elementor-top-section elementor-element elementor-element-04610bf elementor-section-full_width elementor-section-height-default elementor-section-height-default qodef-elementor-content-no\" data-id=\"04610bf\" data-element_type=\"section\" data-settings=\"{&quot;background_background&quot;:&quot;classic&quot;}\">\r\n\t\t\t\t\t\t\t<div class=\"elementor-background-overlay\"><\/div>\r\n\t\t\t\t\t\t\t<div class=\"elementor-container elementor-column-gap-no\">\r\n\t\t\t\t\t<div class=\"elementor-column elementor-col-100 elementor-top-column elementor-element elementor-element-b58b79b\" data-id=\"b58b79b\" data-element_type=\"column\">\r\n\t\t\t<div class=\"elementor-widget-wrap elementor-element-populated\">\r\n\t\t\t\t\t\t\t\t<div class=\"elementor-element elementor-element-6180449 elementor-widget-tablet__width-inherit elementor-widget-mobile__width-inherit elementor-widget__width-inherit elementor-widget elementor-widget-allsmiles_core_section_title\" data-id=\"6180449\" data-element_type=\"widget\" data-widget_type=\"allsmiles_core_section_title.default\">\r\n\t\t\t\t<div class=\"elementor-widget-container\">\r\n\t\t\t<div class=\"qodef-shortcode qodef-m  qodef-section-title qodef-alignment--center \">\n\t\t\t<h2 class=\"qodef-m-title\" style=\"color: #F7F7F9\">\n\t\t\t\t\tProcedimentos de seguran\u00e7a\t\t\t<\/h2>\n\t<\/div>\n\t\t<\/div>\r\n\t\t\t\t<\/div>\r\n\t\t\t\t<div class=\"elementor-element elementor-element-2080800 custom_bullets elementor-widget__width-initial elementor-widget-tablet__width-initial elementor-widget-mobile__width-initial elementor-widget elementor-widget-text-editor\" data-id=\"2080800\" data-element_type=\"widget\" data-widget_type=\"text-editor.default\">\r\n\t\t\t\t<div class=\"elementor-widget-container\">\r\n\t\t\t\t\t\t\t<span style=\"color: #fff;\">Os nossos t\u00e9cnicos s\u00e3o formados de forma a cumprir todas as medidas de seguran\u00e7a necess\u00e1rias a um ambiente saud\u00e1vel usando equipamento de prote\u00e7\u00e3o pessoal (luvas descart\u00e1veis, prote\u00e7\u00e3o de sapatos e m\u00e1scaras, quando apropriadas), lavando regularmente as m\u00e3os e mantendo as dist\u00e2ncias de seguran\u00e7a. A sa\u00fade de todos \u00e9 a nossa primeira preocupa\u00e7\u00e3o.<\/span>\t\t\t\t\t\t<\/div>\r\n\t\t\t\t<\/div>\r\n\t\t\t\t<section class=\"elementor-section elementor-inner-section elementor-element elementor-element-304868e elementor-section-full_width elementor-section-height-default elementor-section-height-default qodef-elementor-content-no\" data-id=\"304868e\" data-element_type=\"section\">\r\n\t\t\t\t\t\t<div class=\"elementor-container elementor-column-gap-no\">\r\n\t\t\t\t\t<div class=\"elementor-column elementor-col-100 elementor-inner-column elementor-element elementor-element-372cbf5\" data-id=\"372cbf5\" data-element_type=\"column\">\r\n\t\t\t<div class=\"elementor-widget-wrap elementor-element-populated\">\r\n\t\t\t\t\t\t\t\t<div class=\"elementor-element elementor-element-acf11e9 elementor-widget__width-auto elementor-widget-tablet__width-auto elementor-widget-mobile__width-auto elementor-widget elementor-widget-allsmiles_core_button\" data-id=\"acf11e9\" data-element_type=\"widget\" data-widget_type=\"allsmiles_core_button.default\">\r\n\t\t\t\t<div class=\"elementor-widget-container\">\r\n\t\t\t<a class=\"qodef-shortcode qodef-m  qodef-button qodef-layout--filled   qodef-html--link qodef-direction-animation\" href=\"https:\/\/www.staging.chemdryalgarve.com\/sobre-nos\/\" target=\"_self\" data-hover-background-color=\"#2D81CC\" >\n\t<span class=\"qodef-m-text\">Ler mais<\/span>\n\t\t\t<span class=\"qodef-btn-background-holder\">\n\t        <span class=\"qodef-btn-background\"><\/span>\n\t    <\/span>\n\t<\/a>\n\t\t<\/div>\r\n\t\t\t\t<\/div>\r\n\t\t\t\t\t<\/div>\r\n\t\t<\/div>\r\n\t\t\t\t\t\t\t<\/div>\r\n\t\t<\/section>\r\n\t\t\t\t\t<\/div>\r\n\t\t<\/div>\r\n\t\t\t\t\t\t\t<\/div>\r\n\t\t<\/section>\r\n\t\t\t\t\t\t\t<\/div>\r\n\t\t","protected":false},"excerpt":{"rendered":"<p>Limpeza e Tratamentos de t\u00eaxteis e de pavimentos \u2014 Or\u00e7amentos Gratuitos. Pe\u00e7a um Or\u00e7amento O resultado do nosso trabalho e a consequente satisfa\u00e7\u00e3o dos nossos clientes \u00e9 a nossa maior realiza\u00e7\u00e3o. Procedimentos de seguran\u00e7a Os nossos t\u00e9cnicos s\u00e3o formados de forma a cumprir todas as medidas de seguran\u00e7a necess\u00e1rias a um ambiente saud\u00e1vel usando equipamento [&hellip;]<\/p>\n","protected":false},"author":2,"featured_media":15112,"parent":0,"menu_order":0,"comment_status":"closed","ping_status":"closed","template":"page-full-width.php","meta":{"footnotes":""},"class_list":["post-15770","page","type-page","status-publish","has-post-thumbnail","hentry"],"acf":[],"yoast_head":"<!-- This site is optimized with the Yoast SEO Premium plugin v19.7 (Yoast SEO v19.14) - https:\/\/yoast.com\/wordpress\/plugins\/seo\/ -->\n<title>Or\u00e7amentos de limpeza gratuitos - Chemdry Algarve<\/title>\n<meta name=\"description\" content=\"Necessita de um servi\u00e7o de limpeza? Fornecemos or\u00e7amentos gr\u00e1tis e livres de qualquer compromisso. Contacte-nos agora mesmo atrav\u00e9s do nosso site.\" \/>\n<meta name=\"robots\" content=\"noindex, follow, max-snippet:-1, max-image-preview:large, max-video-preview:-1\" \/>\n<meta property=\"og:locale\" content=\"pt_PT\" \/>\n<meta property=\"og:type\" content=\"article\" \/>\n<meta property=\"og:title\" content=\"Pedir Or\u00e7amento\" \/>\n<meta property=\"og:description\" content=\"Necessita de um servi\u00e7o de limpeza? Fornecemos or\u00e7amentos gr\u00e1tis e livres de qualquer compromisso. Contacte-nos agora mesmo atrav\u00e9s do nosso site.\" \/>\n<meta property=\"og:url\" content=\"https:\/\/www.staging.chemdryalgarve.com\/pt\/pedir-orcamento\/\" \/>\n<meta property=\"og:site_name\" content=\"Chemdry\" \/>\n<meta property=\"article:modified_time\" content=\"2023-03-01T12:55:36+00:00\" \/>\n<meta property=\"og:image\" content=\"https:\/\/www.staging.chemdryalgarve.com\/wp-content\/uploads\/2023\/01\/Logo_USA_thumbnail.png\" \/>\n\t<meta property=\"og:image:width\" content=\"350\" \/>\n\t<meta property=\"og:image:height\" content=\"300\" \/>\n\t<meta property=\"og:image:type\" content=\"image\/png\" \/>\n<meta name=\"twitter:card\" content=\"summary_large_image\" \/>\n<meta name=\"twitter:label1\" content=\"Tempo estimado de leitura\" \/>\n\t<meta name=\"twitter:data1\" content=\"1 minuto\" \/>\n<script type=\"application\/ld+json\" class=\"yoast-schema-graph\">{\"@context\":\"https:\/\/schema.org\",\"@graph\":[{\"@type\":\"WebPage\",\"@id\":\"https:\/\/www.staging.chemdryalgarve.com\/pedir-orcamento\/\",\"url\":\"https:\/\/www.staging.chemdryalgarve.com\/pedir-orcamento\/\",\"name\":\"Or\u00e7amentos de limpeza gratuitos - Chemdry Algarve\",\"isPartOf\":{\"@id\":\"https:\/\/www.staging.chemdryalgarve.com\/#website\"},\"datePublished\":\"2023-01-18T23:27:42+00:00\",\"dateModified\":\"2023-03-01T12:55:36+00:00\",\"description\":\"Necessita de um servi\u00e7o de limpeza? Fornecemos or\u00e7amentos gr\u00e1tis e livres de qualquer compromisso. Contacte-nos agora mesmo atrav\u00e9s do nosso site.\",\"breadcrumb\":{\"@id\":\"https:\/\/www.staging.chemdryalgarve.com\/pedir-orcamento\/#breadcrumb\"},\"inLanguage\":\"pt-PT\",\"potentialAction\":[{\"@type\":\"ReadAction\",\"target\":[\"https:\/\/www.staging.chemdryalgarve.com\/pedir-orcamento\/\"]}]},{\"@type\":\"BreadcrumbList\",\"@id\":\"https:\/\/www.staging.chemdryalgarve.com\/pedir-orcamento\/#breadcrumb\",\"itemListElement\":[{\"@type\":\"ListItem\",\"position\":1,\"name\":\"Home\",\"item\":\"https:\/\/www.staging.chemdryalgarve.com\/\"},{\"@type\":\"ListItem\",\"position\":2,\"name\":\"Pedir Or\u00e7amento\"}]},{\"@type\":\"WebSite\",\"@id\":\"https:\/\/www.staging.chemdryalgarve.com\/#website\",\"url\":\"https:\/\/www.staging.chemdryalgarve.com\/\",\"name\":\"Chemdry\",\"description\":\"Limpeza e Tratamentos de t\u00eaxteis e de pavimentos\",\"publisher\":{\"@id\":\"https:\/\/www.staging.chemdryalgarve.com\/#organization\"},\"potentialAction\":[{\"@type\":\"SearchAction\",\"target\":{\"@type\":\"EntryPoint\",\"urlTemplate\":\"https:\/\/www.staging.chemdryalgarve.com\/?s={search_term_string}\"},\"query-input\":\"required name=search_term_string\"}],\"inLanguage\":\"pt-PT\"},{\"@type\":\"Organization\",\"@id\":\"https:\/\/www.staging.chemdryalgarve.com\/#organization\",\"name\":\"Chemdry\",\"url\":\"https:\/\/www.staging.chemdryalgarve.com\/\",\"logo\":{\"@type\":\"ImageObject\",\"inLanguage\":\"pt-PT\",\"@id\":\"https:\/\/www.staging.chemdryalgarve.com\/#\/schema\/logo\/image\/\",\"url\":\"https:\/\/www.staging.chemdryalgarve.com\/wp-content\/uploads\/2025\/01\/cropped-ChemDry-by.png\",\"contentUrl\":\"https:\/\/www.staging.chemdryalgarve.com\/wp-content\/uploads\/2025\/01\/cropped-ChemDry-by.png\",\"width\":300,\"height\":100,\"caption\":\"Chemdry\"},\"image\":{\"@id\":\"https:\/\/www.staging.chemdryalgarve.com\/#\/schema\/logo\/image\/\"}}]}<\/script>\n<!-- \/ Yoast SEO Premium plugin. -->","yoast_head_json":{"title":"Or\u00e7amentos de limpeza gratuitos - Chemdry Algarve","description":"Necessita de um servi\u00e7o de limpeza? Fornecemos or\u00e7amentos gr\u00e1tis e livres de qualquer compromisso. Contacte-nos agora mesmo atrav\u00e9s do nosso site.","robots":{"index":"noindex","follow":"follow","max-snippet":"max-snippet:-1","max-image-preview":"max-image-preview:large","max-video-preview":"max-video-preview:-1"},"og_locale":"pt_PT","og_type":"article","og_title":"Pedir Or\u00e7amento","og_description":"Necessita de um servi\u00e7o de limpeza? Fornecemos or\u00e7amentos gr\u00e1tis e livres de qualquer compromisso. Contacte-nos agora mesmo atrav\u00e9s do nosso site.","og_url":"https:\/\/www.staging.chemdryalgarve.com\/pt\/pedir-orcamento\/","og_site_name":"Chemdry","article_modified_time":"2023-03-01T12:55:36+00:00","og_image":[{"width":350,"height":300,"url":"https:\/\/www.staging.chemdryalgarve.com\/wp-content\/uploads\/2023\/01\/Logo_USA_thumbnail.png","type":"image\/png"}],"twitter_card":"summary_large_image","twitter_misc":{"Tempo estimado de leitura":"1 minuto"},"schema":{"@context":"https:\/\/schema.org","@graph":[{"@type":"WebPage","@id":"https:\/\/www.staging.chemdryalgarve.com\/pedir-orcamento\/","url":"https:\/\/www.staging.chemdryalgarve.com\/pedir-orcamento\/","name":"Or\u00e7amentos de limpeza gratuitos - Chemdry Algarve","isPartOf":{"@id":"https:\/\/www.staging.chemdryalgarve.com\/#website"},"datePublished":"2023-01-18T23:27:42+00:00","dateModified":"2023-03-01T12:55:36+00:00","description":"Necessita de um servi\u00e7o de limpeza? Fornecemos or\u00e7amentos gr\u00e1tis e livres de qualquer compromisso. Contacte-nos agora mesmo atrav\u00e9s do nosso site.","breadcrumb":{"@id":"https:\/\/www.staging.chemdryalgarve.com\/pedir-orcamento\/#breadcrumb"},"inLanguage":"pt-PT","potentialAction":[{"@type":"ReadAction","target":["https:\/\/www.staging.chemdryalgarve.com\/pedir-orcamento\/"]}]},{"@type":"BreadcrumbList","@id":"https:\/\/www.staging.chemdryalgarve.com\/pedir-orcamento\/#breadcrumb","itemListElement":[{"@type":"ListItem","position":1,"name":"Home","item":"https:\/\/www.staging.chemdryalgarve.com\/"},{"@type":"ListItem","position":2,"name":"Pedir Or\u00e7amento"}]},{"@type":"WebSite","@id":"https:\/\/www.staging.chemdryalgarve.com\/#website","url":"https:\/\/www.staging.chemdryalgarve.com\/","name":"Chemdry","description":"Limpeza e Tratamentos de t\u00eaxteis e de pavimentos","publisher":{"@id":"https:\/\/www.staging.chemdryalgarve.com\/#organization"},"potentialAction":[{"@type":"SearchAction","target":{"@type":"EntryPoint","urlTemplate":"https:\/\/www.staging.chemdryalgarve.com\/?s={search_term_string}"},"query-input":"required name=search_term_string"}],"inLanguage":"pt-PT"},{"@type":"Organization","@id":"https:\/\/www.staging.chemdryalgarve.com\/#organization","name":"Chemdry","url":"https:\/\/www.staging.chemdryalgarve.com\/","logo":{"@type":"ImageObject","inLanguage":"pt-PT","@id":"https:\/\/www.staging.chemdryalgarve.com\/#\/schema\/logo\/image\/","url":"https:\/\/www.staging.chemdryalgarve.com\/wp-content\/uploads\/2025\/01\/cropped-ChemDry-by.png","contentUrl":"https:\/\/www.staging.chemdryalgarve.com\/wp-content\/uploads\/2025\/01\/cropped-ChemDry-by.png","width":300,"height":100,"caption":"Chemdry"},"image":{"@id":"https:\/\/www.staging.chemdryalgarve.com\/#\/schema\/logo\/image\/"}}]}},"_links":{"self":[{"href":"https:\/\/www.staging.chemdryalgarve.com\/pt\/wp-json\/wp\/v2\/pages\/15770","targetHints":{"allow":["GET"]}}],"collection":[{"href":"https:\/\/www.staging.chemdryalgarve.com\/pt\/wp-json\/wp\/v2\/pages"}],"about":[{"href":"https:\/\/www.staging.chemdryalgarve.com\/pt\/wp-json\/wp\/v2\/types\/page"}],"author":[{"embeddable":true,"href":"https:\/\/www.staging.chemdryalgarve.com\/pt\/wp-json\/wp\/v2\/users\/2"}],"replies":[{"embeddable":true,"href":"https:\/\/www.staging.chemdryalgarve.com\/pt\/wp-json\/wp\/v2\/comments?post=15770"}],"version-history":[{"count":47,"href":"https:\/\/www.staging.chemdryalgarve.com\/pt\/wp-json\/wp\/v2\/pages\/15770\/revisions"}],"predecessor-version":[{"id":17319,"href":"https:\/\/www.staging.chemdryalgarve.com\/pt\/wp-json\/wp\/v2\/pages\/15770\/revisions\/17319"}],"wp:featuredmedia":[{"embeddable":true,"href":"https:\/\/www.staging.chemdryalgarve.com\/pt\/wp-json\/wp\/v2\/media\/15112"}],"wp:attachment":[{"href":"https:\/\/www.staging.chemdryalgarve.com\/pt\/wp-json\/wp\/v2\/media?parent=15770"}],"curies":[{"name":"wp","href":"https:\/\/api.w.org\/{rel}","templated":true}]}}